{"id":1557,"date":"2024-09-26T16:01:52","date_gmt":"2024-09-26T16:01:52","guid":{"rendered":"https:\/\/nuriferrer.com\/?page_id=1557"},"modified":"2024-09-26T16:02:39","modified_gmt":"2024-09-26T16:02:39","slug":"estudio-2","status":"publish","type":"page","link":"https:\/\/nuriferrer.com\/index.php\/ca\/estudio-2\/","title":{"rendered":"ESTUDIO"},"content":{"rendered":"\t\t<div data-elementor-type=\"wp-page\" data-elementor-id=\"1557\" class=\"elementor elementor-1557\" data-elementor-post-type=\"page\">\n\t\t\t\t<div class=\"elementor-element elementor-element-1617245 e-flex e-con-boxed e-con e-parent\" data-id=\"1617245\" data-element_type=\"container\" data-settings=\"{&quot;background_background&quot;:&quot;slideshow&quot;,&quot;background_slideshow_gallery&quot;:[{&quot;id&quot;:649,&quot;url&quot;:&quot;https:\\\/\\\/nuriferrer.com\\\/wp-content\\\/uploads\\\/2024\\\/07\\\/03-scaled.webp&quot;},{&quot;id&quot;:648,&quot;url&quot;:&quot;https:\\\/\\\/nuriferrer.com\\\/wp-content\\\/uploads\\\/2024\\\/07\\\/IMG_0557-scaled.webp&quot;},{&quot;id&quot;:642,&quot;url&quot;:&quot;https:\\\/\\\/nuriferrer.com\\\/wp-content\\\/uploads\\\/2024\\\/07\\\/05-scaled.webp&quot;},{&quot;id&quot;:641,&quot;url&quot;:&quot;https:\\\/\\\/nuriferrer.com\\\/wp-content\\\/uploads\\\/2024\\\/07\\\/04-scaled.webp&quot;},{&quot;id&quot;:639,&quot;url&quot;:&quot;https:\\\/\\\/nuriferrer.com\\\/wp-content\\\/uploads\\\/2024\\\/07\\\/02-scaled.webp&quot;},{&quot;id&quot;:638,&quot;url&quot;:&quot;https:\\\/\\\/nuriferrer.com\\\/wp-content\\\/uploads\\\/2024\\\/07\\\/01-scaled.webp&quot;}],&quot;background_slideshow_loop&quot;:&quot;yes&quot;,&quot;background_slideshow_slide_duration&quot;:5000,&quot;background_slideshow_slide_transition&quot;:&quot;fade&quot;,&quot;background_slideshow_transition_duration&quot;:500}\">\n\t\t\t\t\t<div class=\"e-con-inner\">\n\t\t\t\t\t<\/div>\n\t\t\t\t<\/div>\n\t\t<div class=\"elementor-element elementor-element-21083d5 e-flex e-con-boxed e-con e-parent\" data-id=\"21083d5\" data-element_type=\"container\">\n\t\t\t\t\t<div class=\"e-con-inner\">\n\t\t\t\t<div class=\"elementor-element elementor-element-5836b70 elementor-widget elementor-widget-text-editor\" data-id=\"5836b70\" data-element_type=\"widget\" data-widget_type=\"text-editor.default\">\n\t\t\t\t<div class=\"elementor-widget-container\">\n\t\t\t\t\t\t\t\t\t<p>Som un estudi de disseny i arquitectura interior enfocat a la realitzaci\u00f3 de projectes de reforma integral de vivendes i espais comercials.<\/p><p>Ens considerem un estudi proper, exigent i apassionat per les l\u00ednies pures, els volums amb sentit i els materials nobles. Creiem que les coses ben fetes, amb cura i extrema atenci\u00f3 pels detalls, juntament amb materials d&#8217;alta qualitat, s\u00f3n capa\u00e7os de crear espais <strong>\u00fanics. Elegants. Atemporals.<\/strong><\/p><p>Sempre serem perfeccionistes, no podem evitar-ho, \u00e9s el nostre senyal, \u00e9s al nostre ADN. Ens mou l&#8217;autoexig\u00e8ncia i l&#8217;amor profund per la qualitat, i encara que diuen que destaquem per les nostres idees i bon gust, sabem que aix\u00f2 no seria possible sense l&#8217;amor i la passi\u00f3 que sentim per la nostra feina. Ho adorem, \u00e9s el nostre motor, la nostra ra\u00f3 de ser. El nostre \u00e9s la personalitzaci\u00f3 que parteix de l&#8217;escolta de les necessitats, que ho integra tot a foc lent, creant a bon ritme fins a assolir un resultat delici\u00f3s, al punt, sense per\u00f2. Amb el toc just.<\/p><p>Ens volem convertir en l&#8217;opci\u00f3 exquisida de m\u00e0xima qualitat del sector. Reduir les pors dels que inicien el viatge cap al seu somni garantint resultats que aportin aix\u00f2 tan \u00fanic que els nostres clients aconsegueixen trobar nom\u00e9s a casa seva.<\/p>\t\t\t\t\t\t\t\t<\/div>\n\t\t\t\t<\/div>\n\t\t\t\t\t<\/div>\n\t\t\t\t<\/div>\n\t\t\t\t<\/div>\n\t\t","protected":false},"excerpt":{"rendered":"<p>Som un estudi de disseny i arquitectura interior enfocat a la realitzaci\u00f3 de projectes de reforma integral de vivendes i espais comercials. Ens considerem un estudi proper, exigent i apassionat per les l\u00ednies pures, els volums amb sentit i els materials nobles. Creiem que les coses ben fetes, amb cura i extrema atenci\u00f3 pels detalls, [&hellip;]<\/p>\n","protected":false},"author":2,"featured_media":0,"parent":0,"menu_order":0,"comment_status":"closed","ping_status":"closed","template":"","meta":{"_sitemap_exclude":false,"_sitemap_priority":"","_sitemap_frequency":"","footnotes":""},"class_list":["post-1557","page","type-page","status-publish","hentry"],"yoast_head":"<!-- This site is optimized with the Yoast SEO plugin v26.6 - https:\/\/yoast.com\/wordpress\/plugins\/seo\/ -->\n<title>ESTUDIO - Nu Studio<\/title>\n<meta name=\"robots\" content=\"index, follow, max-snippet:-1, max-image-preview:large, max-video-preview:-1\" \/>\n<link rel=\"canonical\" href=\"https:\/\/nuriferrer.com\/index.php\/ca\/estudio-2\/\" \/>\n<meta property=\"og:locale\" content=\"es_ES\" \/>\n<meta property=\"og:type\" content=\"article\" \/>\n<meta property=\"og:title\" content=\"ESTUDIO - Nu Studio\" \/>\n<meta property=\"og:description\" content=\"Som un estudi de disseny i arquitectura interior enfocat a la realitzaci\u00f3 de projectes de reforma integral de vivendes i espais comercials. Ens considerem un estudi proper, exigent i apassionat per les l\u00ednies pures, els volums amb sentit i els materials nobles. Creiem que les coses ben fetes, amb cura i extrema atenci\u00f3 pels detalls, [&hellip;]\" \/>\n<meta property=\"og:url\" content=\"https:\/\/nuriferrer.com\/index.php\/ca\/estudio-2\/\" \/>\n<meta property=\"og:site_name\" content=\"Nu Studio\" \/>\n<meta property=\"article:modified_time\" content=\"2024-09-26T16:02:39+00:00\" \/>\n<meta name=\"twitter:card\" content=\"summary_large_image\" \/>\n<meta name=\"twitter:label1\" content=\"Tiempo de lectura\" \/>\n\t<meta name=\"twitter:data1\" content=\"1 minuto\" \/>\n<script type=\"application\/ld+json\" class=\"yoast-schema-graph\">{\"@context\":\"https:\/\/schema.org\",\"@graph\":[{\"@type\":\"WebPage\",\"@id\":\"https:\/\/nuriferrer.com\/index.php\/ca\/estudio-2\/\",\"url\":\"https:\/\/nuriferrer.com\/index.php\/ca\/estudio-2\/\",\"name\":\"ESTUDIO - Nu Studio\",\"isPartOf\":{\"@id\":\"https:\/\/nuriferrer.com\/#website\"},\"datePublished\":\"2024-09-26T16:01:52+00:00\",\"dateModified\":\"2024-09-26T16:02:39+00:00\",\"breadcrumb\":{\"@id\":\"https:\/\/nuriferrer.com\/index.php\/ca\/estudio-2\/#breadcrumb\"},\"inLanguage\":\"es\",\"potentialAction\":[{\"@type\":\"ReadAction\",\"target\":[\"https:\/\/nuriferrer.com\/index.php\/ca\/estudio-2\/\"]}]},{\"@type\":\"BreadcrumbList\",\"@id\":\"https:\/\/nuriferrer.com\/index.php\/ca\/estudio-2\/#breadcrumb\",\"itemListElement\":[{\"@type\":\"ListItem\",\"position\":1,\"name\":\"Home\",\"item\":\"https:\/\/nuriferrer.com\/\"},{\"@type\":\"ListItem\",\"position\":2,\"name\":\"ESTUDIO\"}]},{\"@type\":\"WebSite\",\"@id\":\"https:\/\/nuriferrer.com\/#website\",\"url\":\"https:\/\/nuriferrer.com\/\",\"name\":\"Nu Studio\",\"description\":\"\",\"publisher\":{\"@id\":\"https:\/\/nuriferrer.com\/#organization\"},\"potentialAction\":[{\"@type\":\"SearchAction\",\"target\":{\"@type\":\"EntryPoint\",\"urlTemplate\":\"https:\/\/nuriferrer.com\/?s={search_term_string}\"},\"query-input\":{\"@type\":\"PropertyValueSpecification\",\"valueRequired\":true,\"valueName\":\"search_term_string\"}}],\"inLanguage\":\"es\"},{\"@type\":\"Organization\",\"@id\":\"https:\/\/nuriferrer.com\/#organization\",\"name\":\"Nu Studio\",\"url\":\"https:\/\/nuriferrer.com\/\",\"logo\":{\"@type\":\"ImageObject\",\"inLanguage\":\"es\",\"@id\":\"https:\/\/nuriferrer.com\/#\/schema\/logo\/image\/\",\"url\":\"https:\/\/nuriferrer.com\/wp-content\/uploads\/2024\/06\/image001.png\",\"contentUrl\":\"https:\/\/nuriferrer.com\/wp-content\/uploads\/2024\/06\/image001.png\",\"width\":1175,\"height\":773,\"caption\":\"Nu Studio\"},\"image\":{\"@id\":\"https:\/\/nuriferrer.com\/#\/schema\/logo\/image\/\"}}]}<\/script>\n<!-- \/ Yoast SEO plugin. -->","yoast_head_json":{"title":"ESTUDIO - Nu Studio","robots":{"index":"index","follow":"follow","max-snippet":"max-snippet:-1","max-image-preview":"max-image-preview:large","max-video-preview":"max-video-preview:-1"},"canonical":"https:\/\/nuriferrer.com\/index.php\/ca\/estudio-2\/","og_locale":"es_ES","og_type":"article","og_title":"ESTUDIO - Nu Studio","og_description":"Som un estudi de disseny i arquitectura interior enfocat a la realitzaci\u00f3 de projectes de reforma integral de vivendes i espais comercials. Ens considerem un estudi proper, exigent i apassionat per les l\u00ednies pures, els volums amb sentit i els materials nobles. Creiem que les coses ben fetes, amb cura i extrema atenci\u00f3 pels detalls, [&hellip;]","og_url":"https:\/\/nuriferrer.com\/index.php\/ca\/estudio-2\/","og_site_name":"Nu Studio","article_modified_time":"2024-09-26T16:02:39+00:00","twitter_card":"summary_large_image","twitter_misc":{"Tiempo de lectura":"1 minuto"},"schema":{"@context":"https:\/\/schema.org","@graph":[{"@type":"WebPage","@id":"https:\/\/nuriferrer.com\/index.php\/ca\/estudio-2\/","url":"https:\/\/nuriferrer.com\/index.php\/ca\/estudio-2\/","name":"ESTUDIO - Nu Studio","isPartOf":{"@id":"https:\/\/nuriferrer.com\/#website"},"datePublished":"2024-09-26T16:01:52+00:00","dateModified":"2024-09-26T16:02:39+00:00","breadcrumb":{"@id":"https:\/\/nuriferrer.com\/index.php\/ca\/estudio-2\/#breadcrumb"},"inLanguage":"es","potentialAction":[{"@type":"ReadAction","target":["https:\/\/nuriferrer.com\/index.php\/ca\/estudio-2\/"]}]},{"@type":"BreadcrumbList","@id":"https:\/\/nuriferrer.com\/index.php\/ca\/estudio-2\/#breadcrumb","itemListElement":[{"@type":"ListItem","position":1,"name":"Home","item":"https:\/\/nuriferrer.com\/"},{"@type":"ListItem","position":2,"name":"ESTUDIO"}]},{"@type":"WebSite","@id":"https:\/\/nuriferrer.com\/#website","url":"https:\/\/nuriferrer.com\/","name":"Nu Studio","description":"","publisher":{"@id":"https:\/\/nuriferrer.com\/#organization"},"potentialAction":[{"@type":"SearchAction","target":{"@type":"EntryPoint","urlTemplate":"https:\/\/nuriferrer.com\/?s={search_term_string}"},"query-input":{"@type":"PropertyValueSpecification","valueRequired":true,"valueName":"search_term_string"}}],"inLanguage":"es"},{"@type":"Organization","@id":"https:\/\/nuriferrer.com\/#organization","name":"Nu Studio","url":"https:\/\/nuriferrer.com\/","logo":{"@type":"ImageObject","inLanguage":"es","@id":"https:\/\/nuriferrer.com\/#\/schema\/logo\/image\/","url":"https:\/\/nuriferrer.com\/wp-content\/uploads\/2024\/06\/image001.png","contentUrl":"https:\/\/nuriferrer.com\/wp-content\/uploads\/2024\/06\/image001.png","width":1175,"height":773,"caption":"Nu Studio"},"image":{"@id":"https:\/\/nuriferrer.com\/#\/schema\/logo\/image\/"}}]}},"_links":{"self":[{"href":"https:\/\/nuriferrer.com\/index.php\/wp-json\/wp\/v2\/pages\/1557","targetHints":{"allow":["GET"]}}],"collection":[{"href":"https:\/\/nuriferrer.com\/index.php\/wp-json\/wp\/v2\/pages"}],"about":[{"href":"https:\/\/nuriferrer.com\/index.php\/wp-json\/wp\/v2\/types\/page"}],"author":[{"embeddable":true,"href":"https:\/\/nuriferrer.com\/index.php\/wp-json\/wp\/v2\/users\/2"}],"replies":[{"embeddable":true,"href":"https:\/\/nuriferrer.com\/index.php\/wp-json\/wp\/v2\/comments?post=1557"}],"version-history":[{"count":4,"href":"https:\/\/nuriferrer.com\/index.php\/wp-json\/wp\/v2\/pages\/1557\/revisions"}],"predecessor-version":[{"id":1561,"href":"https:\/\/nuriferrer.com\/index.php\/wp-json\/wp\/v2\/pages\/1557\/revisions\/1561"}],"wp:attachment":[{"href":"https:\/\/nuriferrer.com\/index.php\/wp-json\/wp\/v2\/media?parent=1557"}],"curies":[{"name":"wp","href":"https:\/\/api.w.org\/{rel}","templated":true}]}}