{"id":1567,"date":"2024-09-26T16:03:28","date_gmt":"2024-09-26T16:03:28","guid":{"rendered":"https:\/\/nuriferrer.com\/?page_id=1567"},"modified":"2024-09-26T16:04:40","modified_gmt":"2024-09-26T16:04:40","slug":"metode","status":"publish","type":"page","link":"https:\/\/nuriferrer.com\/index.php\/ca\/metode\/","title":{"rendered":"M\u00c8TODE"},"content":{"rendered":"\t\t<div data-elementor-type=\"wp-page\" data-elementor-id=\"1567\" class=\"elementor elementor-1567\" data-elementor-post-type=\"page\">\n\t\t\t\t<div class=\"elementor-element elementor-element-4993c212 e-flex e-con-boxed e-con e-parent\" data-id=\"4993c212\" data-element_type=\"container\" data-settings=\"{&quot;background_background&quot;:&quot;classic&quot;}\">\n\t\t\t\t\t<div class=\"e-con-inner\">\n\t\t\t\t<div class=\"elementor-element elementor-element-6d7d1698 elementor-widget__width-inherit elementor-arrows-position-inside elementor-widget elementor-widget-image-carousel\" data-id=\"6d7d1698\" data-element_type=\"widget\" data-settings=\"{&quot;slides_to_show&quot;:&quot;1&quot;,&quot;navigation&quot;:&quot;arrows&quot;,&quot;effect&quot;:&quot;fade&quot;,&quot;autoplay&quot;:&quot;yes&quot;,&quot;autoplay_speed&quot;:5000,&quot;infinite&quot;:&quot;yes&quot;,&quot;speed&quot;:500}\" data-widget_type=\"image-carousel.default\">\n\t\t\t\t<div class=\"elementor-widget-container\">\n\t\t\t\t\t\t\t<div class=\"elementor-image-carousel-wrapper swiper\" role=\"region\" aria-roledescription=\"carousel\" aria-label=\"Carrusel d&#039;imatges\" dir=\"ltr\">\n\t\t\t<div class=\"elementor-image-carousel swiper-wrapper\" aria-live=\"off\">\n\t\t\t\t\t\t\t\t<div class=\"swiper-slide\" role=\"group\" aria-roledescription=\"slide\" aria-label=\"1 de 1\"><figure class=\"swiper-slide-inner\"><img decoding=\"async\" class=\"swiper-slide-image\" src=\"https:\/\/nuriferrer.com\/wp-content\/uploads\/2024\/07\/Mesa-de-trabajo-1@05x-scaled.webp\" alt=\"Mesa de trabajo\" \/><\/figure><\/div>\t\t\t<\/div>\n\t\t\t\t\t<\/div>\n\t\t\t\t\t\t<\/div>\n\t\t\t\t<\/div>\n\t\t\t\t\t<\/div>\n\t\t\t\t<\/div>\n\t\t<div class=\"elementor-element elementor-element-162f7d2 e-flex e-con-boxed e-con e-parent\" data-id=\"162f7d2\" data-element_type=\"container\">\n\t\t\t\t\t<div class=\"e-con-inner\">\n\t\t\t\t<div class=\"elementor-element elementor-element-b10dd1a elementor-widget elementor-widget-heading\" data-id=\"b10dd1a\" data-element_type=\"widget\" data-widget_type=\"heading.default\">\n\t\t\t\t<div class=\"elementor-widget-container\">\n\t\t\t\t\t<h2 class=\"elementor-heading-title elementor-size-default\">Projectes amb estil. Obres \u00e0gils. Espais impecables.<\/h2>\t\t\t\t<\/div>\n\t\t\t\t<\/div>\n\t\t\t\t\t<\/div>\n\t\t\t\t<\/div>\n\t\t<div class=\"elementor-element elementor-element-1437667 e-flex e-con-boxed e-con e-parent\" data-id=\"1437667\" data-element_type=\"container\" data-settings=\"{&quot;background_background&quot;:&quot;classic&quot;}\">\n\t\t\t\t\t<div class=\"e-con-inner\">\n\t\t\t\t<div class=\"elementor-element elementor-element-05adac8 elementor-widget elementor-widget-heading\" data-id=\"05adac8\" data-element_type=\"widget\" data-widget_type=\"heading.default\">\n\t\t\t\t<div class=\"elementor-widget-container\">\n\t\t\t\t\t<h2 class=\"elementor-heading-title elementor-size-default\">EL NOSTRE PROC\u00c9S DE TREBALL<\/h2>\t\t\t\t<\/div>\n\t\t\t\t<\/div>\n\t\t\t\t\t<\/div>\n\t\t\t\t<\/div>\n\t\t<div class=\"elementor-element elementor-element-1858217 e-flex e-con-boxed e-con e-parent\" data-id=\"1858217\" data-element_type=\"container\">\n\t\t\t\t\t<div class=\"e-con-inner\">\n\t\t<div class=\"elementor-element elementor-element-356d704 e-con-full e-flex elementor-invisible e-con e-child\" data-id=\"356d704\" data-element_type=\"container\" data-settings=\"{&quot;animation&quot;:&quot;fadeIn&quot;}\">\n\t\t\t\t<div class=\"elementor-element elementor-element-339b660 elementor-widget elementor-widget-heading\" data-id=\"339b660\" data-element_type=\"widget\" data-widget_type=\"heading.default\">\n\t\t\t\t<div class=\"elementor-widget-container\">\n\t\t\t\t\t<h2 class=\"elementor-heading-title elementor-size-default\">\n1.\nPROJECTE DE DISSENY:<\/h2>\t\t\t\t<\/div>\n\t\t\t\t<\/div>\n\t\t\t\t<div class=\"elementor-element elementor-element-532e6bb elementor-widget elementor-widget-image\" data-id=\"532e6bb\" data-element_type=\"widget\" data-widget_type=\"image.default\">\n\t\t\t\t<div class=\"elementor-widget-container\">\n\t\t\t\t\t\t\t\t\t\t\t\t\t\t\t<img fetchpriority=\"high\" decoding=\"async\" width=\"243\" height=\"243\" src=\"https:\/\/nuriferrer.com\/wp-content\/uploads\/2024\/07\/1.png\" class=\"attachment-large size-large wp-image-662\" alt=\"\" srcset=\"https:\/\/nuriferrer.com\/wp-content\/uploads\/2024\/07\/1.png 243w, https:\/\/nuriferrer.com\/wp-content\/uploads\/2024\/07\/1-150x150.png 150w\" sizes=\"(max-width: 243px) 100vw, 243px\" \/>\t\t\t\t\t\t\t\t\t\t\t\t\t\t\t<\/div>\n\t\t\t\t<\/div>\n\t\t\t\t<div class=\"elementor-element elementor-element-ee04804 elementor-widget elementor-widget-text-editor\" data-id=\"ee04804\" data-element_type=\"widget\" data-widget_type=\"text-editor.default\">\n\t\t\t\t<div class=\"elementor-widget-container\">\n\t\t\t\t\t\t\t\t\t<p>Projecte b\u00e0sic \/ Imatges 3d \/ Projecte executiu<\/p>\t\t\t\t\t\t\t\t<\/div>\n\t\t\t\t<\/div>\n\t\t\t\t<\/div>\n\t\t<div class=\"elementor-element elementor-element-63ab0c7 e-con-full e-flex elementor-invisible e-con e-child\" data-id=\"63ab0c7\" data-element_type=\"container\" data-settings=\"{&quot;animation&quot;:&quot;fadeIn&quot;,&quot;animation_delay&quot;:100}\">\n\t\t\t\t<div class=\"elementor-element elementor-element-9b51733 elementor-widget elementor-widget-heading\" data-id=\"9b51733\" data-element_type=\"widget\" data-widget_type=\"heading.default\">\n\t\t\t\t<div class=\"elementor-widget-container\">\n\t\t\t\t\t<h2 class=\"elementor-heading-title elementor-size-default\">2.\nPRESSUPOST:<\/h2>\t\t\t\t<\/div>\n\t\t\t\t<\/div>\n\t\t\t\t<div class=\"elementor-element elementor-element-dbba361 elementor-widget elementor-widget-image\" data-id=\"dbba361\" data-element_type=\"widget\" data-widget_type=\"image.default\">\n\t\t\t\t<div class=\"elementor-widget-container\">\n\t\t\t\t\t\t\t\t\t\t\t\t\t\t\t<img decoding=\"async\" width=\"243\" height=\"243\" src=\"https:\/\/nuriferrer.com\/wp-content\/uploads\/2024\/07\/2.png\" class=\"attachment-large size-large wp-image-663\" alt=\"\" srcset=\"https:\/\/nuriferrer.com\/wp-content\/uploads\/2024\/07\/2.png 243w, https:\/\/nuriferrer.com\/wp-content\/uploads\/2024\/07\/2-150x150.png 150w\" sizes=\"(max-width: 243px) 100vw, 243px\" \/>\t\t\t\t\t\t\t\t\t\t\t\t\t\t\t<\/div>\n\t\t\t\t<\/div>\n\t\t\t\t<div class=\"elementor-element elementor-element-d2bbbc5 elementor-widget elementor-widget-text-editor\" data-id=\"d2bbbc5\" data-element_type=\"widget\" data-widget_type=\"text-editor.default\">\n\t\t\t\t<div class=\"elementor-widget-container\">\n\t\t\t\t\t\t\t\t\t<p>Visites industrials \/ Elecci\u00f3 d&#8217;acabats \/ Confecci\u00f3 de pressupost<\/p>\t\t\t\t\t\t\t\t<\/div>\n\t\t\t\t<\/div>\n\t\t\t\t<\/div>\n\t\t<div class=\"elementor-element elementor-element-e5afa7d e-con-full e-flex elementor-invisible e-con e-child\" data-id=\"e5afa7d\" data-element_type=\"container\" data-settings=\"{&quot;animation&quot;:&quot;fadeIn&quot;,&quot;animation_delay&quot;:200}\">\n\t\t\t\t<div class=\"elementor-element elementor-element-ae7caed elementor-widget elementor-widget-heading\" data-id=\"ae7caed\" data-element_type=\"widget\" data-widget_type=\"heading.default\">\n\t\t\t\t<div class=\"elementor-widget-container\">\n\t\t\t\t\t<h2 class=\"elementor-heading-title elementor-size-default\">3.\n DIRECCI\u00d3 D'OBRA:<\/h2>\t\t\t\t<\/div>\n\t\t\t\t<\/div>\n\t\t\t\t<div class=\"elementor-element elementor-element-8f9d915 elementor-widget elementor-widget-image\" data-id=\"8f9d915\" data-element_type=\"widget\" data-widget_type=\"image.default\">\n\t\t\t\t<div class=\"elementor-widget-container\">\n\t\t\t\t\t\t\t\t\t\t\t\t\t\t\t<img decoding=\"async\" width=\"243\" height=\"243\" src=\"https:\/\/nuriferrer.com\/wp-content\/uploads\/2024\/07\/3.png\" class=\"attachment-large size-large wp-image-664\" alt=\"\" srcset=\"https:\/\/nuriferrer.com\/wp-content\/uploads\/2024\/07\/3.png 243w, https:\/\/nuriferrer.com\/wp-content\/uploads\/2024\/07\/3-150x150.png 150w\" sizes=\"(max-width: 243px) 100vw, 243px\" \/>\t\t\t\t\t\t\t\t\t\t\t\t\t\t\t<\/div>\n\t\t\t\t<\/div>\n\t\t\t\t<div class=\"elementor-element elementor-element-2ed1a8c elementor-widget elementor-widget-text-editor\" data-id=\"2ed1a8c\" data-element_type=\"widget\" data-widget_type=\"text-editor.default\">\n\t\t\t\t<div class=\"elementor-widget-container\">\n\t\t\t\t\t\t\t\t\t<p>Timing \/ Coordinaci\u00f3 d\u00b4obra \/ Gesti\u00f3 econ\u00f2mica<\/p>\t\t\t\t\t\t\t\t<\/div>\n\t\t\t\t<\/div>\n\t\t\t\t<\/div>\n\t\t\t\t\t<\/div>\n\t\t\t\t<\/div>\n\t\t<div class=\"elementor-element elementor-element-4df9a98 e-flex e-con-boxed e-con e-parent\" data-id=\"4df9a98\" data-element_type=\"container\">\n\t\t\t\t\t<div class=\"e-con-inner\">\n\t\t\t\t<div class=\"elementor-element elementor-element-2a69fd1 elementor-widget elementor-widget-heading\" data-id=\"2a69fd1\" data-element_type=\"widget\" data-widget_type=\"heading.default\">\n\t\t\t\t<div class=\"elementor-widget-container\">\n\t\t\t\t\t<h2 class=\"elementor-heading-title elementor-size-default\">\"El treball \u00e9s l'\u00fanic que connecta idees amb realitat. Crec que de mica en mica, pas a pas, amb const\u00e0ncia i perseveran\u00e7a tenim la capacitat d'aconseguir tot all\u00f2 que ens proposem. Sense excuses.\"<\/h2>\t\t\t\t<\/div>\n\t\t\t\t<\/div>\n\t\t\t\t\t<\/div>\n\t\t\t\t<\/div>\n\t\t\t\t<\/div>\n\t\t","protected":false},"excerpt":{"rendered":"<p>Projectes amb estil. Obres \u00e0gils. Espais impecables. EL NOSTRE PROC\u00c9S DE TREBALL 1. PROJECTE DE DISSENY: Projecte b\u00e0sic \/ Imatges 3d \/ Projecte executiu 2. PRESSUPOST: Visites industrials \/ Elecci\u00f3 d&#8217;acabats \/ Confecci\u00f3 de pressupost 3. DIRECCI\u00d3 D&#8217;OBRA: Timing \/ Coordinaci\u00f3 d\u00b4obra \/ Gesti\u00f3 econ\u00f2mica \u00abEl treball \u00e9s l&#8217;\u00fanic que connecta idees amb realitat. Crec [&hellip;]<\/p>\n","protected":false},"author":2,"featured_media":0,"parent":0,"menu_order":0,"comment_status":"closed","ping_status":"closed","template":"","meta":{"_sitemap_exclude":false,"_sitemap_priority":"","_sitemap_frequency":"","footnotes":""},"class_list":["post-1567","page","type-page","status-publish","hentry"],"yoast_head":"<!-- This site is optimized with the Yoast SEO plugin v27.6 - https:\/\/yoast.com\/product\/yoast-seo-wordpress\/ -->\n<title>M\u00c8TODE - Nu Studio<\/title>\n<meta name=\"robots\" content=\"index, follow, max-snippet:-1, max-image-preview:large, max-video-preview:-1\" \/>\n<link rel=\"canonical\" href=\"https:\/\/nuriferrer.com\/index.php\/ca\/metode\/\" \/>\n<meta property=\"og:locale\" content=\"es_ES\" \/>\n<meta property=\"og:type\" content=\"article\" \/>\n<meta property=\"og:title\" content=\"M\u00c8TODE - Nu Studio\" \/>\n<meta property=\"og:description\" content=\"Projectes amb estil. Obres \u00e0gils. Espais impecables. EL NOSTRE PROC\u00c9S DE TREBALL 1. PROJECTE DE DISSENY: Projecte b\u00e0sic \/ Imatges 3d \/ Projecte executiu 2. PRESSUPOST: Visites industrials \/ Elecci\u00f3 d&#8217;acabats \/ Confecci\u00f3 de pressupost 3. DIRECCI\u00d3 D&#8217;OBRA: Timing \/ Coordinaci\u00f3 d\u00b4obra \/ Gesti\u00f3 econ\u00f2mica \u00abEl treball \u00e9s l&#8217;\u00fanic que connecta idees amb realitat. Crec [&hellip;]\" \/>\n<meta property=\"og:url\" content=\"https:\/\/nuriferrer.com\/index.php\/ca\/metode\/\" \/>\n<meta property=\"og:site_name\" content=\"Nu Studio\" \/>\n<meta property=\"article:modified_time\" content=\"2024-09-26T16:04:40+00:00\" \/>\n<meta property=\"og:image\" content=\"https:\/\/nuriferrer.com\/wp-content\/uploads\/2024\/07\/Mesa-de-trabajo-1@05x-scaled.webp\" \/>\n<meta name=\"twitter:card\" content=\"summary_large_image\" \/>\n<meta name=\"twitter:label1\" content=\"Tiempo de lectura\" \/>\n\t<meta name=\"twitter:data1\" content=\"2 minutos\" \/>\n<script type=\"application\/ld+json\" class=\"yoast-schema-graph\">{\"@context\":\"https:\\\/\\\/schema.org\",\"@graph\":[{\"@type\":\"WebPage\",\"@id\":\"https:\\\/\\\/nuriferrer.com\\\/index.php\\\/ca\\\/metode\\\/\",\"url\":\"https:\\\/\\\/nuriferrer.com\\\/index.php\\\/ca\\\/metode\\\/\",\"name\":\"M\u00c8TODE - Nu Studio\",\"isPartOf\":{\"@id\":\"https:\\\/\\\/nuriferrer.com\\\/#website\"},\"primaryImageOfPage\":{\"@id\":\"https:\\\/\\\/nuriferrer.com\\\/index.php\\\/ca\\\/metode\\\/#primaryimage\"},\"image\":{\"@id\":\"https:\\\/\\\/nuriferrer.com\\\/index.php\\\/ca\\\/metode\\\/#primaryimage\"},\"thumbnailUrl\":\"https:\\\/\\\/nuriferrer.com\\\/wp-content\\\/uploads\\\/2024\\\/07\\\/Mesa-de-trabajo-1@05x-scaled.webp\",\"datePublished\":\"2024-09-26T16:03:28+00:00\",\"dateModified\":\"2024-09-26T16:04:40+00:00\",\"breadcrumb\":{\"@id\":\"https:\\\/\\\/nuriferrer.com\\\/index.php\\\/ca\\\/metode\\\/#breadcrumb\"},\"inLanguage\":\"es\",\"potentialAction\":[{\"@type\":\"ReadAction\",\"target\":[\"https:\\\/\\\/nuriferrer.com\\\/index.php\\\/ca\\\/metode\\\/\"]}]},{\"@type\":\"ImageObject\",\"inLanguage\":\"es\",\"@id\":\"https:\\\/\\\/nuriferrer.com\\\/index.php\\\/ca\\\/metode\\\/#primaryimage\",\"url\":\"https:\\\/\\\/nuriferrer.com\\\/wp-content\\\/uploads\\\/2024\\\/07\\\/Mesa-de-trabajo-1@05x-scaled.webp\",\"contentUrl\":\"https:\\\/\\\/nuriferrer.com\\\/wp-content\\\/uploads\\\/2024\\\/07\\\/Mesa-de-trabajo-1@05x-scaled.webp\",\"width\":2560,\"height\":1245},{\"@type\":\"BreadcrumbList\",\"@id\":\"https:\\\/\\\/nuriferrer.com\\\/index.php\\\/ca\\\/metode\\\/#breadcrumb\",\"itemListElement\":[{\"@type\":\"ListItem\",\"position\":1,\"name\":\"Home\",\"item\":\"https:\\\/\\\/nuriferrer.com\\\/\"},{\"@type\":\"ListItem\",\"position\":2,\"name\":\"M\u00c8TODE\"}]},{\"@type\":\"WebSite\",\"@id\":\"https:\\\/\\\/nuriferrer.com\\\/#website\",\"url\":\"https:\\\/\\\/nuriferrer.com\\\/\",\"name\":\"Nu Studio\",\"description\":\"\",\"publisher\":{\"@id\":\"https:\\\/\\\/nuriferrer.com\\\/#organization\"},\"potentialAction\":[{\"@type\":\"SearchAction\",\"target\":{\"@type\":\"EntryPoint\",\"urlTemplate\":\"https:\\\/\\\/nuriferrer.com\\\/?s={search_term_string}\"},\"query-input\":{\"@type\":\"PropertyValueSpecification\",\"valueRequired\":true,\"valueName\":\"search_term_string\"}}],\"inLanguage\":\"es\"},{\"@type\":\"Organization\",\"@id\":\"https:\\\/\\\/nuriferrer.com\\\/#organization\",\"name\":\"Nu Studio\",\"url\":\"https:\\\/\\\/nuriferrer.com\\\/\",\"logo\":{\"@type\":\"ImageObject\",\"inLanguage\":\"es\",\"@id\":\"https:\\\/\\\/nuriferrer.com\\\/#\\\/schema\\\/logo\\\/image\\\/\",\"url\":\"https:\\\/\\\/nuriferrer.com\\\/wp-content\\\/uploads\\\/2024\\\/06\\\/image001.png\",\"contentUrl\":\"https:\\\/\\\/nuriferrer.com\\\/wp-content\\\/uploads\\\/2024\\\/06\\\/image001.png\",\"width\":1175,\"height\":773,\"caption\":\"Nu Studio\"},\"image\":{\"@id\":\"https:\\\/\\\/nuriferrer.com\\\/#\\\/schema\\\/logo\\\/image\\\/\"}}]}<\/script>\n<!-- \/ Yoast SEO plugin. -->","yoast_head_json":{"title":"M\u00c8TODE - Nu Studio","robots":{"index":"index","follow":"follow","max-snippet":"max-snippet:-1","max-image-preview":"max-image-preview:large","max-video-preview":"max-video-preview:-1"},"canonical":"https:\/\/nuriferrer.com\/index.php\/ca\/metode\/","og_locale":"es_ES","og_type":"article","og_title":"M\u00c8TODE - Nu Studio","og_description":"Projectes amb estil. Obres \u00e0gils. Espais impecables. EL NOSTRE PROC\u00c9S DE TREBALL 1. PROJECTE DE DISSENY: Projecte b\u00e0sic \/ Imatges 3d \/ Projecte executiu 2. PRESSUPOST: Visites industrials \/ Elecci\u00f3 d&#8217;acabats \/ Confecci\u00f3 de pressupost 3. DIRECCI\u00d3 D&#8217;OBRA: Timing \/ Coordinaci\u00f3 d\u00b4obra \/ Gesti\u00f3 econ\u00f2mica \u00abEl treball \u00e9s l&#8217;\u00fanic que connecta idees amb realitat. Crec [&hellip;]","og_url":"https:\/\/nuriferrer.com\/index.php\/ca\/metode\/","og_site_name":"Nu Studio","article_modified_time":"2024-09-26T16:04:40+00:00","og_image":[{"url":"https:\/\/nuriferrer.com\/wp-content\/uploads\/2024\/07\/Mesa-de-trabajo-1@05x-scaled.webp","type":"","width":"","height":""}],"twitter_card":"summary_large_image","twitter_misc":{"Tiempo de lectura":"2 minutos"},"schema":{"@context":"https:\/\/schema.org","@graph":[{"@type":"WebPage","@id":"https:\/\/nuriferrer.com\/index.php\/ca\/metode\/","url":"https:\/\/nuriferrer.com\/index.php\/ca\/metode\/","name":"M\u00c8TODE - Nu Studio","isPartOf":{"@id":"https:\/\/nuriferrer.com\/#website"},"primaryImageOfPage":{"@id":"https:\/\/nuriferrer.com\/index.php\/ca\/metode\/#primaryimage"},"image":{"@id":"https:\/\/nuriferrer.com\/index.php\/ca\/metode\/#primaryimage"},"thumbnailUrl":"https:\/\/nuriferrer.com\/wp-content\/uploads\/2024\/07\/Mesa-de-trabajo-1@05x-scaled.webp","datePublished":"2024-09-26T16:03:28+00:00","dateModified":"2024-09-26T16:04:40+00:00","breadcrumb":{"@id":"https:\/\/nuriferrer.com\/index.php\/ca\/metode\/#breadcrumb"},"inLanguage":"es","potentialAction":[{"@type":"ReadAction","target":["https:\/\/nuriferrer.com\/index.php\/ca\/metode\/"]}]},{"@type":"ImageObject","inLanguage":"es","@id":"https:\/\/nuriferrer.com\/index.php\/ca\/metode\/#primaryimage","url":"https:\/\/nuriferrer.com\/wp-content\/uploads\/2024\/07\/Mesa-de-trabajo-1@05x-scaled.webp","contentUrl":"https:\/\/nuriferrer.com\/wp-content\/uploads\/2024\/07\/Mesa-de-trabajo-1@05x-scaled.webp","width":2560,"height":1245},{"@type":"BreadcrumbList","@id":"https:\/\/nuriferrer.com\/index.php\/ca\/metode\/#breadcrumb","itemListElement":[{"@type":"ListItem","position":1,"name":"Home","item":"https:\/\/nuriferrer.com\/"},{"@type":"ListItem","position":2,"name":"M\u00c8TODE"}]},{"@type":"WebSite","@id":"https:\/\/nuriferrer.com\/#website","url":"https:\/\/nuriferrer.com\/","name":"Nu Studio","description":"","publisher":{"@id":"https:\/\/nuriferrer.com\/#organization"},"potentialAction":[{"@type":"SearchAction","target":{"@type":"EntryPoint","urlTemplate":"https:\/\/nuriferrer.com\/?s={search_term_string}"},"query-input":{"@type":"PropertyValueSpecification","valueRequired":true,"valueName":"search_term_string"}}],"inLanguage":"es"},{"@type":"Organization","@id":"https:\/\/nuriferrer.com\/#organization","name":"Nu Studio","url":"https:\/\/nuriferrer.com\/","logo":{"@type":"ImageObject","inLanguage":"es","@id":"https:\/\/nuriferrer.com\/#\/schema\/logo\/image\/","url":"https:\/\/nuriferrer.com\/wp-content\/uploads\/2024\/06\/image001.png","contentUrl":"https:\/\/nuriferrer.com\/wp-content\/uploads\/2024\/06\/image001.png","width":1175,"height":773,"caption":"Nu Studio"},"image":{"@id":"https:\/\/nuriferrer.com\/#\/schema\/logo\/image\/"}}]}},"_links":{"self":[{"href":"https:\/\/nuriferrer.com\/index.php\/wp-json\/wp\/v2\/pages\/1567","targetHints":{"allow":["GET"]}}],"collection":[{"href":"https:\/\/nuriferrer.com\/index.php\/wp-json\/wp\/v2\/pages"}],"about":[{"href":"https:\/\/nuriferrer.com\/index.php\/wp-json\/wp\/v2\/types\/page"}],"author":[{"embeddable":true,"href":"https:\/\/nuriferrer.com\/index.php\/wp-json\/wp\/v2\/users\/2"}],"replies":[{"embeddable":true,"href":"https:\/\/nuriferrer.com\/index.php\/wp-json\/wp\/v2\/comments?post=1567"}],"version-history":[{"count":4,"href":"https:\/\/nuriferrer.com\/index.php\/wp-json\/wp\/v2\/pages\/1567\/revisions"}],"predecessor-version":[{"id":1571,"href":"https:\/\/nuriferrer.com\/index.php\/wp-json\/wp\/v2\/pages\/1567\/revisions\/1571"}],"wp:attachment":[{"href":"https:\/\/nuriferrer.com\/index.php\/wp-json\/wp\/v2\/media?parent=1567"}],"curies":[{"name":"wp","href":"https:\/\/api.w.org\/{rel}","templated":true}]}}