{"id":1585,"date":"2024-09-26T16:06:11","date_gmt":"2024-09-26T16:06:11","guid":{"rendered":"https:\/\/nuriferrer.com\/?page_id=1585"},"modified":"2024-09-26T16:06:29","modified_gmt":"2024-09-26T16:06:29","slug":"optica-2","status":"publish","type":"page","link":"https:\/\/nuriferrer.com\/index.php\/ca\/optica-2\/","title":{"rendered":"\u00d2PTICA"},"content":{"rendered":"\t\t<div data-elementor-type=\"wp-page\" data-elementor-id=\"1585\" class=\"elementor elementor-1585\" data-elementor-post-type=\"page\">\n\t\t\t\t<div class=\"elementor-element elementor-element-4bf42252 e-con-full e-flex e-con e-parent\" data-id=\"4bf42252\" data-element_type=\"container\" data-settings=\"{&quot;background_background&quot;:&quot;classic&quot;}\">\n\t\t\t\t<div class=\"elementor-element elementor-element-68b4c9a9 elementor-widget__width-inherit elementor-arrows-position-inside elementor-widget elementor-widget-image-carousel\" data-id=\"68b4c9a9\" data-element_type=\"widget\" data-settings=\"{&quot;slides_to_show&quot;:&quot;1&quot;,&quot;navigation&quot;:&quot;arrows&quot;,&quot;effect&quot;:&quot;fade&quot;,&quot;autoplay&quot;:&quot;yes&quot;,&quot;autoplay_speed&quot;:5000,&quot;infinite&quot;:&quot;yes&quot;,&quot;speed&quot;:500}\" data-widget_type=\"image-carousel.default\">\n\t\t\t\t<div class=\"elementor-widget-container\">\n\t\t\t\t\t\t\t<div class=\"elementor-image-carousel-wrapper swiper\" role=\"region\" aria-roledescription=\"carousel\" aria-label=\"Carrusel d&#039;imatges\" dir=\"ltr\">\n\t\t\t<div class=\"elementor-image-carousel swiper-wrapper\" aria-live=\"off\">\n\t\t\t\t\t\t\t\t<div class=\"swiper-slide\" role=\"group\" aria-roledescription=\"slide\" aria-label=\"1 de 1\"><figure class=\"swiper-slide-inner\"><img decoding=\"async\" class=\"swiper-slide-image\" src=\"https:\/\/nuriferrer.com\/wp-content\/uploads\/2024\/07\/0002_Fotos_Interiores_Optica_Rubinat_Nuri_Ferrer_Terrassa_fotovisuals_260220.jpg\" alt=\"Fotos interiores para Nuri Ferrer Dise\u00f1adora de Interiores en TERRASSA, fotos de Marc S\u00e1nchez de fotovisuals.com\" \/><\/figure><\/div>\t\t\t<\/div>\n\t\t\t\t\t<\/div>\n\t\t\t\t\t\t<\/div>\n\t\t\t\t<\/div>\n\t\t\t\t<\/div>\n\t\t<div class=\"elementor-element elementor-element-376f3d8 e-flex e-con-boxed e-con e-parent\" data-id=\"376f3d8\" data-element_type=\"container\">\n\t\t\t\t\t<div class=\"e-con-inner\">\n\t\t\t\t<div class=\"elementor-element elementor-element-1adb5534 elementor-widget elementor-widget-text-editor\" data-id=\"1adb5534\" data-element_type=\"widget\" data-widget_type=\"text-editor.default\">\n\t\t\t\t<div class=\"elementor-widget-container\">\n\t\t\t\t\t\t\t\t\t<p style=\"text-align: center;\">\u00d2PTICA RUBINAT<br \/>2017<br \/>Reforma integral d&#8217;una \u00f2ptica<\/p>\t\t\t\t\t\t\t\t<\/div>\n\t\t\t\t<\/div>\n\t\t\t\t<div class=\"elementor-element elementor-element-58e5ebfe elementor-widget elementor-widget-gallery\" data-id=\"58e5ebfe\" data-element_type=\"widget\" data-settings=\"{&quot;columns&quot;:2,&quot;lazyload&quot;:&quot;yes&quot;,&quot;gallery_layout&quot;:&quot;grid&quot;,&quot;columns_tablet&quot;:2,&quot;columns_mobile&quot;:1,&quot;gap&quot;:{&quot;unit&quot;:&quot;px&quot;,&quot;size&quot;:10,&quot;sizes&quot;:[]},&quot;gap_tablet&quot;:{&quot;unit&quot;:&quot;px&quot;,&quot;size&quot;:10,&quot;sizes&quot;:[]},&quot;gap_mobile&quot;:{&quot;unit&quot;:&quot;px&quot;,&quot;size&quot;:10,&quot;sizes&quot;:[]},&quot;link_to&quot;:&quot;file&quot;,&quot;aspect_ratio&quot;:&quot;3:2&quot;,&quot;overlay_background&quot;:&quot;yes&quot;,&quot;content_hover_animation&quot;:&quot;fade-in&quot;}\" data-widget_type=\"gallery.default\">\n\t\t\t\t<div class=\"elementor-widget-container\">\n\t\t\t\t\t\t\t<div class=\"elementor-gallery__container\">\n\t\t\t\t\t\t\t<a class=\"e-gallery-item elementor-gallery-item elementor-animated-content\" href=\"https:\/\/nuriferrer.com\/wp-content\/uploads\/2024\/07\/0003_Fotos_Interiores_Optica_Rubinat_Nuri_Ferrer_Terrassa_fotovisuals_260220.webp\" data-elementor-open-lightbox=\"yes\" data-elementor-lightbox-slideshow=\"58e5ebfe\" data-e-action-hash=\"#elementor-action%3Aaction%3Dlightbox%26settings%3DeyJpZCI6NzcxLCJ1cmwiOiJodHRwczpcL1wvbnVyaWZlcnJlci5jb21cL3dwLWNvbnRlbnRcL3VwbG9hZHNcLzIwMjRcLzA3XC8wMDAzX0ZvdG9zX0ludGVyaW9yZXNfT3B0aWNhX1J1YmluYXRfTnVyaV9GZXJyZXJfVGVycmFzc2FfZm90b3Zpc3VhbHNfMjYwMjIwLndlYnAiLCJzbGlkZXNob3ciOiI1OGU1ZWJmZSJ9\">\n\t\t\t\t\t<div class=\"e-gallery-image elementor-gallery-item__image\" data-thumbnail=\"https:\/\/nuriferrer.com\/wp-content\/uploads\/2024\/07\/0003_Fotos_Interiores_Optica_Rubinat_Nuri_Ferrer_Terrassa_fotovisuals_260220-1024x682.webp\" data-width=\"800\" data-height=\"533\" aria-label=\"\" role=\"img\" ><\/div>\n\t\t\t\t\t\t\t\t\t\t\t<div class=\"elementor-gallery-item__overlay\"><\/div>\n\t\t\t\t\t\t\t\t\t\t\t\t\t\t<\/a>\n\t\t\t\t\t\t\t<a class=\"e-gallery-item elementor-gallery-item elementor-animated-content\" href=\"https:\/\/nuriferrer.com\/wp-content\/uploads\/2024\/07\/0004_Fotos_Interiores_Optica_Rubinat_Nuri_Ferrer_Terrassa_fotovisuals_260220.webp\" data-elementor-open-lightbox=\"yes\" data-elementor-lightbox-slideshow=\"58e5ebfe\" data-e-action-hash=\"#elementor-action%3Aaction%3Dlightbox%26settings%3DeyJpZCI6NzcyLCJ1cmwiOiJodHRwczpcL1wvbnVyaWZlcnJlci5jb21cL3dwLWNvbnRlbnRcL3VwbG9hZHNcLzIwMjRcLzA3XC8wMDA0X0ZvdG9zX0ludGVyaW9yZXNfT3B0aWNhX1J1YmluYXRfTnVyaV9GZXJyZXJfVGVycmFzc2FfZm90b3Zpc3VhbHNfMjYwMjIwLndlYnAiLCJzbGlkZXNob3ciOiI1OGU1ZWJmZSJ9\">\n\t\t\t\t\t<div class=\"e-gallery-image elementor-gallery-item__image\" data-thumbnail=\"https:\/\/nuriferrer.com\/wp-content\/uploads\/2024\/07\/0004_Fotos_Interiores_Optica_Rubinat_Nuri_Ferrer_Terrassa_fotovisuals_260220-1024x682.webp\" data-width=\"800\" data-height=\"533\" aria-label=\"\" role=\"img\" ><\/div>\n\t\t\t\t\t\t\t\t\t\t\t<div class=\"elementor-gallery-item__overlay\"><\/div>\n\t\t\t\t\t\t\t\t\t\t\t\t\t\t<\/a>\n\t\t\t\t\t\t\t<a class=\"e-gallery-item elementor-gallery-item elementor-animated-content\" href=\"https:\/\/nuriferrer.com\/wp-content\/uploads\/2024\/07\/0006_Fotos_Interiores_Optica_Rubinat_Nuri_Ferrer_Terrassa_fotovisuals_260220.webp\" data-elementor-open-lightbox=\"yes\" data-elementor-lightbox-slideshow=\"58e5ebfe\" data-e-action-hash=\"#elementor-action%3Aaction%3Dlightbox%26settings%3DeyJpZCI6NzczLCJ1cmwiOiJodHRwczpcL1wvbnVyaWZlcnJlci5jb21cL3dwLWNvbnRlbnRcL3VwbG9hZHNcLzIwMjRcLzA3XC8wMDA2X0ZvdG9zX0ludGVyaW9yZXNfT3B0aWNhX1J1YmluYXRfTnVyaV9GZXJyZXJfVGVycmFzc2FfZm90b3Zpc3VhbHNfMjYwMjIwLndlYnAiLCJzbGlkZXNob3ciOiI1OGU1ZWJmZSJ9\">\n\t\t\t\t\t<div class=\"e-gallery-image elementor-gallery-item__image\" data-thumbnail=\"https:\/\/nuriferrer.com\/wp-content\/uploads\/2024\/07\/0006_Fotos_Interiores_Optica_Rubinat_Nuri_Ferrer_Terrassa_fotovisuals_260220-1024x682.webp\" data-width=\"800\" data-height=\"533\" aria-label=\"\" role=\"img\" ><\/div>\n\t\t\t\t\t\t\t\t\t\t\t<div class=\"elementor-gallery-item__overlay\"><\/div>\n\t\t\t\t\t\t\t\t\t\t\t\t\t\t<\/a>\n\t\t\t\t\t\t\t<a class=\"e-gallery-item elementor-gallery-item elementor-animated-content\" href=\"https:\/\/nuriferrer.com\/wp-content\/uploads\/2024\/07\/0009_Fotos_Interiores_Optica_Rubinat_Nuri_Ferrer_Terrassa_fotovisuals_260220.webp\" data-elementor-open-lightbox=\"yes\" data-elementor-lightbox-slideshow=\"58e5ebfe\" data-e-action-hash=\"#elementor-action%3Aaction%3Dlightbox%26settings%3DeyJpZCI6Nzc0LCJ1cmwiOiJodHRwczpcL1wvbnVyaWZlcnJlci5jb21cL3dwLWNvbnRlbnRcL3VwbG9hZHNcLzIwMjRcLzA3XC8wMDA5X0ZvdG9zX0ludGVyaW9yZXNfT3B0aWNhX1J1YmluYXRfTnVyaV9GZXJyZXJfVGVycmFzc2FfZm90b3Zpc3VhbHNfMjYwMjIwLndlYnAiLCJzbGlkZXNob3ciOiI1OGU1ZWJmZSJ9\">\n\t\t\t\t\t<div class=\"e-gallery-image elementor-gallery-item__image\" data-thumbnail=\"https:\/\/nuriferrer.com\/wp-content\/uploads\/2024\/07\/0009_Fotos_Interiores_Optica_Rubinat_Nuri_Ferrer_Terrassa_fotovisuals_260220-1024x682.webp\" data-width=\"800\" data-height=\"533\" aria-label=\"\" role=\"img\" ><\/div>\n\t\t\t\t\t\t\t\t\t\t\t<div class=\"elementor-gallery-item__overlay\"><\/div>\n\t\t\t\t\t\t\t\t\t\t\t\t\t\t<\/a>\n\t\t\t\t\t\t\t<a class=\"e-gallery-item elementor-gallery-item elementor-animated-content\" href=\"https:\/\/nuriferrer.com\/wp-content\/uploads\/2024\/07\/0016_Fotos_Interiores_Optica_Rubinat_Nuri_Ferrer_Terrassa_fotovisuals_260220.webp\" data-elementor-open-lightbox=\"yes\" data-elementor-lightbox-slideshow=\"58e5ebfe\" data-e-action-hash=\"#elementor-action%3Aaction%3Dlightbox%26settings%3DeyJpZCI6Nzc1LCJ1cmwiOiJodHRwczpcL1wvbnVyaWZlcnJlci5jb21cL3dwLWNvbnRlbnRcL3VwbG9hZHNcLzIwMjRcLzA3XC8wMDE2X0ZvdG9zX0ludGVyaW9yZXNfT3B0aWNhX1J1YmluYXRfTnVyaV9GZXJyZXJfVGVycmFzc2FfZm90b3Zpc3VhbHNfMjYwMjIwLndlYnAiLCJzbGlkZXNob3ciOiI1OGU1ZWJmZSJ9\">\n\t\t\t\t\t<div class=\"e-gallery-image elementor-gallery-item__image\" data-thumbnail=\"https:\/\/nuriferrer.com\/wp-content\/uploads\/2024\/07\/0016_Fotos_Interiores_Optica_Rubinat_Nuri_Ferrer_Terrassa_fotovisuals_260220-1024x682.webp\" data-width=\"800\" data-height=\"533\" aria-label=\"\" role=\"img\" ><\/div>\n\t\t\t\t\t\t\t\t\t\t\t<div class=\"elementor-gallery-item__overlay\"><\/div>\n\t\t\t\t\t\t\t\t\t\t\t\t\t\t<\/a>\n\t\t\t\t\t\t\t<a class=\"e-gallery-item elementor-gallery-item elementor-animated-content\" href=\"https:\/\/nuriferrer.com\/wp-content\/uploads\/2024\/07\/0020_Fotos_Interiores_Optica_Rubinat_Nuri_Ferrer_Terrassa_fotovisuals_260220.webp\" data-elementor-open-lightbox=\"yes\" data-elementor-lightbox-slideshow=\"58e5ebfe\" data-e-action-hash=\"#elementor-action%3Aaction%3Dlightbox%26settings%3DeyJpZCI6Nzc2LCJ1cmwiOiJodHRwczpcL1wvbnVyaWZlcnJlci5jb21cL3dwLWNvbnRlbnRcL3VwbG9hZHNcLzIwMjRcLzA3XC8wMDIwX0ZvdG9zX0ludGVyaW9yZXNfT3B0aWNhX1J1YmluYXRfTnVyaV9GZXJyZXJfVGVycmFzc2FfZm90b3Zpc3VhbHNfMjYwMjIwLndlYnAiLCJzbGlkZXNob3ciOiI1OGU1ZWJmZSJ9\">\n\t\t\t\t\t<div class=\"e-gallery-image elementor-gallery-item__image\" data-thumbnail=\"https:\/\/nuriferrer.com\/wp-content\/uploads\/2024\/07\/0020_Fotos_Interiores_Optica_Rubinat_Nuri_Ferrer_Terrassa_fotovisuals_260220-1024x682.webp\" data-width=\"800\" data-height=\"533\" aria-label=\"\" role=\"img\" ><\/div>\n\t\t\t\t\t\t\t\t\t\t\t<div class=\"elementor-gallery-item__overlay\"><\/div>\n\t\t\t\t\t\t\t\t\t\t\t\t\t\t<\/a>\n\t\t\t\t\t\t\t<a class=\"e-gallery-item elementor-gallery-item elementor-animated-content\" href=\"https:\/\/nuriferrer.com\/wp-content\/uploads\/2024\/07\/0021_Fotos_Interiores_Optica_Rubinat_Nuri_Ferrer_Terrassa_fotovisuals_260220.webp\" data-elementor-open-lightbox=\"yes\" data-elementor-lightbox-slideshow=\"58e5ebfe\" data-e-action-hash=\"#elementor-action%3Aaction%3Dlightbox%26settings%3DeyJpZCI6Nzc3LCJ1cmwiOiJodHRwczpcL1wvbnVyaWZlcnJlci5jb21cL3dwLWNvbnRlbnRcL3VwbG9hZHNcLzIwMjRcLzA3XC8wMDIxX0ZvdG9zX0ludGVyaW9yZXNfT3B0aWNhX1J1YmluYXRfTnVyaV9GZXJyZXJfVGVycmFzc2FfZm90b3Zpc3VhbHNfMjYwMjIwLndlYnAiLCJzbGlkZXNob3ciOiI1OGU1ZWJmZSJ9\">\n\t\t\t\t\t<div class=\"e-gallery-image elementor-gallery-item__image\" data-thumbnail=\"https:\/\/nuriferrer.com\/wp-content\/uploads\/2024\/07\/0021_Fotos_Interiores_Optica_Rubinat_Nuri_Ferrer_Terrassa_fotovisuals_260220-1024x682.webp\" data-width=\"800\" data-height=\"533\" aria-label=\"\" role=\"img\" ><\/div>\n\t\t\t\t\t\t\t\t\t\t\t<div class=\"elementor-gallery-item__overlay\"><\/div>\n\t\t\t\t\t\t\t\t\t\t\t\t\t\t<\/a>\n\t\t\t\t\t\t\t<a class=\"e-gallery-item elementor-gallery-item elementor-animated-content\" href=\"https:\/\/nuriferrer.com\/wp-content\/uploads\/2024\/07\/0042_Fotos_Interiores_Optica_Rubinat_Nuri_Ferrer_Terrassa_fotovisuals_260220.webp\" data-elementor-open-lightbox=\"yes\" data-elementor-lightbox-slideshow=\"58e5ebfe\" data-e-action-hash=\"#elementor-action%3Aaction%3Dlightbox%26settings%3DeyJpZCI6Nzc4LCJ1cmwiOiJodHRwczpcL1wvbnVyaWZlcnJlci5jb21cL3dwLWNvbnRlbnRcL3VwbG9hZHNcLzIwMjRcLzA3XC8wMDQyX0ZvdG9zX0ludGVyaW9yZXNfT3B0aWNhX1J1YmluYXRfTnVyaV9GZXJyZXJfVGVycmFzc2FfZm90b3Zpc3VhbHNfMjYwMjIwLndlYnAiLCJzbGlkZXNob3ciOiI1OGU1ZWJmZSJ9\">\n\t\t\t\t\t<div class=\"e-gallery-image elementor-gallery-item__image\" data-thumbnail=\"https:\/\/nuriferrer.com\/wp-content\/uploads\/2024\/07\/0042_Fotos_Interiores_Optica_Rubinat_Nuri_Ferrer_Terrassa_fotovisuals_260220-1024x682.webp\" data-width=\"800\" data-height=\"533\" aria-label=\"\" role=\"img\" ><\/div>\n\t\t\t\t\t\t\t\t\t\t\t<div class=\"elementor-gallery-item__overlay\"><\/div>\n\t\t\t\t\t\t\t\t\t\t\t\t\t\t<\/a>\n\t\t\t\t\t\t\t<a class=\"e-gallery-item elementor-gallery-item elementor-animated-content\" href=\"https:\/\/nuriferrer.com\/wp-content\/uploads\/2024\/07\/0049_Fotos_Interiores_Optica_Rubinat_Nuri_Ferrer_Terrassa_fotovisuals_260220.webp\" data-elementor-open-lightbox=\"yes\" data-elementor-lightbox-slideshow=\"58e5ebfe\" data-e-action-hash=\"#elementor-action%3Aaction%3Dlightbox%26settings%3DeyJpZCI6Nzc5LCJ1cmwiOiJodHRwczpcL1wvbnVyaWZlcnJlci5jb21cL3dwLWNvbnRlbnRcL3VwbG9hZHNcLzIwMjRcLzA3XC8wMDQ5X0ZvdG9zX0ludGVyaW9yZXNfT3B0aWNhX1J1YmluYXRfTnVyaV9GZXJyZXJfVGVycmFzc2FfZm90b3Zpc3VhbHNfMjYwMjIwLndlYnAiLCJzbGlkZXNob3ciOiI1OGU1ZWJmZSJ9\">\n\t\t\t\t\t<div class=\"e-gallery-image elementor-gallery-item__image\" data-thumbnail=\"https:\/\/nuriferrer.com\/wp-content\/uploads\/2024\/07\/0049_Fotos_Interiores_Optica_Rubinat_Nuri_Ferrer_Terrassa_fotovisuals_260220-1024x682.webp\" data-width=\"800\" data-height=\"533\" aria-label=\"\" role=\"img\" ><\/div>\n\t\t\t\t\t\t\t\t\t\t\t<div class=\"elementor-gallery-item__overlay\"><\/div>\n\t\t\t\t\t\t\t\t\t\t\t\t\t\t<\/a>\n\t\t\t\t\t<\/div>\n\t\t\t\t\t<\/div>\n\t\t\t\t<\/div>\n\t\t\t\t\t<\/div>\n\t\t\t\t<\/div>\n\t\t\t\t<\/div>\n\t\t","protected":false},"excerpt":{"rendered":"<p>\u00d2PTICA RUBINAT2017Reforma integral d&#8217;una \u00f2ptica<\/p>\n","protected":false},"author":2,"featured_media":771,"parent":0,"menu_order":0,"comment_status":"closed","ping_status":"closed","template":"","meta":{"_sitemap_exclude":false,"_sitemap_priority":"","_sitemap_frequency":"","footnotes":""},"class_list":["post-1585","page","type-page","status-publish","has-post-thumbnail","hentry"],"yoast_head":"<!-- This site is optimized with the Yoast SEO plugin v26.6 - https:\/\/yoast.com\/wordpress\/plugins\/seo\/ -->\n<title>\u00d2PTICA - Nu Studio<\/title>\n<meta name=\"robots\" content=\"index, follow, max-snippet:-1, max-image-preview:large, max-video-preview:-1\" \/>\n<link rel=\"canonical\" href=\"https:\/\/nuriferrer.com\/index.php\/ca\/optica-2\/\" \/>\n<meta property=\"og:locale\" content=\"es_ES\" \/>\n<meta property=\"og:type\" content=\"article\" \/>\n<meta property=\"og:title\" content=\"\u00d2PTICA - Nu Studio\" \/>\n<meta property=\"og:description\" content=\"\u00d2PTICA RUBINAT2017Reforma integral d&#8217;una \u00f2ptica\" \/>\n<meta property=\"og:url\" content=\"https:\/\/nuriferrer.com\/index.php\/ca\/optica-2\/\" \/>\n<meta property=\"og:site_name\" content=\"Nu Studio\" \/>\n<meta property=\"article:modified_time\" content=\"2024-09-26T16:06:29+00:00\" \/>\n<meta property=\"og:image\" content=\"https:\/\/nuriferrer.com\/wp-content\/uploads\/2024\/07\/0003_Fotos_Interiores_Optica_Rubinat_Nuri_Ferrer_Terrassa_fotovisuals_260220.webp\" \/>\n\t<meta property=\"og:image:width\" content=\"2000\" \/>\n\t<meta property=\"og:image:height\" content=\"1333\" \/>\n\t<meta property=\"og:image:type\" content=\"image\/webp\" \/>\n<meta name=\"twitter:card\" content=\"summary_large_image\" \/>\n<meta name=\"twitter:label1\" content=\"Tiempo de lectura\" \/>\n\t<meta name=\"twitter:data1\" content=\"1 minuto\" \/>\n<script type=\"application\/ld+json\" class=\"yoast-schema-graph\">{\"@context\":\"https:\/\/schema.org\",\"@graph\":[{\"@type\":\"WebPage\",\"@id\":\"https:\/\/nuriferrer.com\/index.php\/ca\/optica-2\/\",\"url\":\"https:\/\/nuriferrer.com\/index.php\/ca\/optica-2\/\",\"name\":\"\u00d2PTICA - Nu Studio\",\"isPartOf\":{\"@id\":\"https:\/\/nuriferrer.com\/#website\"},\"primaryImageOfPage\":{\"@id\":\"https:\/\/nuriferrer.com\/index.php\/ca\/optica-2\/#primaryimage\"},\"image\":{\"@id\":\"https:\/\/nuriferrer.com\/index.php\/ca\/optica-2\/#primaryimage\"},\"thumbnailUrl\":\"https:\/\/nuriferrer.com\/wp-content\/uploads\/2024\/07\/0003_Fotos_Interiores_Optica_Rubinat_Nuri_Ferrer_Terrassa_fotovisuals_260220.webp\",\"datePublished\":\"2024-09-26T16:06:11+00:00\",\"dateModified\":\"2024-09-26T16:06:29+00:00\",\"breadcrumb\":{\"@id\":\"https:\/\/nuriferrer.com\/index.php\/ca\/optica-2\/#breadcrumb\"},\"inLanguage\":\"es\",\"potentialAction\":[{\"@type\":\"ReadAction\",\"target\":[\"https:\/\/nuriferrer.com\/index.php\/ca\/optica-2\/\"]}]},{\"@type\":\"ImageObject\",\"inLanguage\":\"es\",\"@id\":\"https:\/\/nuriferrer.com\/index.php\/ca\/optica-2\/#primaryimage\",\"url\":\"https:\/\/nuriferrer.com\/wp-content\/uploads\/2024\/07\/0003_Fotos_Interiores_Optica_Rubinat_Nuri_Ferrer_Terrassa_fotovisuals_260220.webp\",\"contentUrl\":\"https:\/\/nuriferrer.com\/wp-content\/uploads\/2024\/07\/0003_Fotos_Interiores_Optica_Rubinat_Nuri_Ferrer_Terrassa_fotovisuals_260220.webp\",\"width\":2000,\"height\":1333},{\"@type\":\"BreadcrumbList\",\"@id\":\"https:\/\/nuriferrer.com\/index.php\/ca\/optica-2\/#breadcrumb\",\"itemListElement\":[{\"@type\":\"ListItem\",\"position\":1,\"name\":\"Home\",\"item\":\"https:\/\/nuriferrer.com\/\"},{\"@type\":\"ListItem\",\"position\":2,\"name\":\"\u00d2PTICA\"}]},{\"@type\":\"WebSite\",\"@id\":\"https:\/\/nuriferrer.com\/#website\",\"url\":\"https:\/\/nuriferrer.com\/\",\"name\":\"Nu Studio\",\"description\":\"\",\"publisher\":{\"@id\":\"https:\/\/nuriferrer.com\/#organization\"},\"potentialAction\":[{\"@type\":\"SearchAction\",\"target\":{\"@type\":\"EntryPoint\",\"urlTemplate\":\"https:\/\/nuriferrer.com\/?s={search_term_string}\"},\"query-input\":{\"@type\":\"PropertyValueSpecification\",\"valueRequired\":true,\"valueName\":\"search_term_string\"}}],\"inLanguage\":\"es\"},{\"@type\":\"Organization\",\"@id\":\"https:\/\/nuriferrer.com\/#organization\",\"name\":\"Nu Studio\",\"url\":\"https:\/\/nuriferrer.com\/\",\"logo\":{\"@type\":\"ImageObject\",\"inLanguage\":\"es\",\"@id\":\"https:\/\/nuriferrer.com\/#\/schema\/logo\/image\/\",\"url\":\"https:\/\/nuriferrer.com\/wp-content\/uploads\/2024\/06\/image001.png\",\"contentUrl\":\"https:\/\/nuriferrer.com\/wp-content\/uploads\/2024\/06\/image001.png\",\"width\":1175,\"height\":773,\"caption\":\"Nu Studio\"},\"image\":{\"@id\":\"https:\/\/nuriferrer.com\/#\/schema\/logo\/image\/\"}}]}<\/script>\n<!-- \/ Yoast SEO plugin. -->","yoast_head_json":{"title":"\u00d2PTICA - Nu Studio","robots":{"index":"index","follow":"follow","max-snippet":"max-snippet:-1","max-image-preview":"max-image-preview:large","max-video-preview":"max-video-preview:-1"},"canonical":"https:\/\/nuriferrer.com\/index.php\/ca\/optica-2\/","og_locale":"es_ES","og_type":"article","og_title":"\u00d2PTICA - Nu Studio","og_description":"\u00d2PTICA RUBINAT2017Reforma integral d&#8217;una \u00f2ptica","og_url":"https:\/\/nuriferrer.com\/index.php\/ca\/optica-2\/","og_site_name":"Nu Studio","article_modified_time":"2024-09-26T16:06:29+00:00","og_image":[{"width":2000,"height":1333,"url":"https:\/\/nuriferrer.com\/wp-content\/uploads\/2024\/07\/0003_Fotos_Interiores_Optica_Rubinat_Nuri_Ferrer_Terrassa_fotovisuals_260220.webp","type":"image\/webp"}],"twitter_card":"summary_large_image","twitter_misc":{"Tiempo de lectura":"1 minuto"},"schema":{"@context":"https:\/\/schema.org","@graph":[{"@type":"WebPage","@id":"https:\/\/nuriferrer.com\/index.php\/ca\/optica-2\/","url":"https:\/\/nuriferrer.com\/index.php\/ca\/optica-2\/","name":"\u00d2PTICA - Nu Studio","isPartOf":{"@id":"https:\/\/nuriferrer.com\/#website"},"primaryImageOfPage":{"@id":"https:\/\/nuriferrer.com\/index.php\/ca\/optica-2\/#primaryimage"},"image":{"@id":"https:\/\/nuriferrer.com\/index.php\/ca\/optica-2\/#primaryimage"},"thumbnailUrl":"https:\/\/nuriferrer.com\/wp-content\/uploads\/2024\/07\/0003_Fotos_Interiores_Optica_Rubinat_Nuri_Ferrer_Terrassa_fotovisuals_260220.webp","datePublished":"2024-09-26T16:06:11+00:00","dateModified":"2024-09-26T16:06:29+00:00","breadcrumb":{"@id":"https:\/\/nuriferrer.com\/index.php\/ca\/optica-2\/#breadcrumb"},"inLanguage":"es","potentialAction":[{"@type":"ReadAction","target":["https:\/\/nuriferrer.com\/index.php\/ca\/optica-2\/"]}]},{"@type":"ImageObject","inLanguage":"es","@id":"https:\/\/nuriferrer.com\/index.php\/ca\/optica-2\/#primaryimage","url":"https:\/\/nuriferrer.com\/wp-content\/uploads\/2024\/07\/0003_Fotos_Interiores_Optica_Rubinat_Nuri_Ferrer_Terrassa_fotovisuals_260220.webp","contentUrl":"https:\/\/nuriferrer.com\/wp-content\/uploads\/2024\/07\/0003_Fotos_Interiores_Optica_Rubinat_Nuri_Ferrer_Terrassa_fotovisuals_260220.webp","width":2000,"height":1333},{"@type":"BreadcrumbList","@id":"https:\/\/nuriferrer.com\/index.php\/ca\/optica-2\/#breadcrumb","itemListElement":[{"@type":"ListItem","position":1,"name":"Home","item":"https:\/\/nuriferrer.com\/"},{"@type":"ListItem","position":2,"name":"\u00d2PTICA"}]},{"@type":"WebSite","@id":"https:\/\/nuriferrer.com\/#website","url":"https:\/\/nuriferrer.com\/","name":"Nu Studio","description":"","publisher":{"@id":"https:\/\/nuriferrer.com\/#organization"},"potentialAction":[{"@type":"SearchAction","target":{"@type":"EntryPoint","urlTemplate":"https:\/\/nuriferrer.com\/?s={search_term_string}"},"query-input":{"@type":"PropertyValueSpecification","valueRequired":true,"valueName":"search_term_string"}}],"inLanguage":"es"},{"@type":"Organization","@id":"https:\/\/nuriferrer.com\/#organization","name":"Nu Studio","url":"https:\/\/nuriferrer.com\/","logo":{"@type":"ImageObject","inLanguage":"es","@id":"https:\/\/nuriferrer.com\/#\/schema\/logo\/image\/","url":"https:\/\/nuriferrer.com\/wp-content\/uploads\/2024\/06\/image001.png","contentUrl":"https:\/\/nuriferrer.com\/wp-content\/uploads\/2024\/06\/image001.png","width":1175,"height":773,"caption":"Nu Studio"},"image":{"@id":"https:\/\/nuriferrer.com\/#\/schema\/logo\/image\/"}}]}},"_links":{"self":[{"href":"https:\/\/nuriferrer.com\/index.php\/wp-json\/wp\/v2\/pages\/1585","targetHints":{"allow":["GET"]}}],"collection":[{"href":"https:\/\/nuriferrer.com\/index.php\/wp-json\/wp\/v2\/pages"}],"about":[{"href":"https:\/\/nuriferrer.com\/index.php\/wp-json\/wp\/v2\/types\/page"}],"author":[{"embeddable":true,"href":"https:\/\/nuriferrer.com\/index.php\/wp-json\/wp\/v2\/users\/2"}],"replies":[{"embeddable":true,"href":"https:\/\/nuriferrer.com\/index.php\/wp-json\/wp\/v2\/comments?post=1585"}],"version-history":[{"count":4,"href":"https:\/\/nuriferrer.com\/index.php\/wp-json\/wp\/v2\/pages\/1585\/revisions"}],"predecessor-version":[{"id":1589,"href":"https:\/\/nuriferrer.com\/index.php\/wp-json\/wp\/v2\/pages\/1585\/revisions\/1589"}],"wp:featuredmedia":[{"embeddable":true,"href":"https:\/\/nuriferrer.com\/index.php\/wp-json\/wp\/v2\/media\/771"}],"wp:attachment":[{"href":"https:\/\/nuriferrer.com\/index.php\/wp-json\/wp\/v2\/media?parent=1585"}],"curies":[{"name":"wp","href":"https:\/\/api.w.org\/{rel}","templated":true}]}}