{"id":1600,"date":"2024-09-26T16:07:44","date_gmt":"2024-09-26T16:07:44","guid":{"rendered":"https:\/\/nuriferrer.com\/?page_id=1600"},"modified":"2024-09-26T16:07:58","modified_gmt":"2024-09-26T16:07:58","slug":"projectes","status":"publish","type":"page","link":"https:\/\/nuriferrer.com\/index.php\/ca\/projectes\/","title":{"rendered":"PROJECTES"},"content":{"rendered":"\t\t<div data-elementor-type=\"wp-page\" data-elementor-id=\"1600\" class=\"elementor elementor-1600\" data-elementor-post-type=\"page\">\n\t\t\t\t<div class=\"elementor-element elementor-element-c0db6d2 e-con-full e-flex e-con e-parent\" data-id=\"c0db6d2\" data-element_type=\"container\">\n\t\t\t\t<div class=\"elementor-element elementor-element-7770de3 elementor-grid-2 elementor-widget-mobile__width-inherit elementor-grid-tablet-2 elementor-grid-mobile-1 elementor-widget elementor-widget-portfolio\" data-id=\"7770de3\" data-element_type=\"widget\" data-settings=\"{&quot;row_gap&quot;:{&quot;unit&quot;:&quot;px&quot;,&quot;size&quot;:15,&quot;sizes&quot;:[]},&quot;item_ratio&quot;:{&quot;unit&quot;:&quot;px&quot;,&quot;size&quot;:0.63,&quot;sizes&quot;:[]},&quot;columns&quot;:&quot;2&quot;,&quot;columns_tablet&quot;:&quot;2&quot;,&quot;columns_mobile&quot;:&quot;1&quot;,&quot;item_gap&quot;:{&quot;unit&quot;:&quot;px&quot;,&quot;size&quot;:&quot;&quot;,&quot;sizes&quot;:[]}}\" data-widget_type=\"portfolio.default\">\n\t\t\t\t<div class=\"elementor-widget-container\">\n\t\t\t\t\t\t\t<div class=\"elementor-portfolio elementor-grid elementor-posts-container\">\n\t\t\t\t<article class=\"elementor-portfolio-item elementor-post  post-385 page type-page status-publish has-post-thumbnail hentry\">\n\t\t\t<a class=\"elementor-post__thumbnail__link\" href=\"https:\/\/nuriferrer.com\/index.php\/urgell\/\">\n\t\t\t\t<div class=\"elementor-portfolio-item__img elementor-post__thumbnail\">\n\t\t\t<img fetchpriority=\"high\" decoding=\"async\" width=\"2560\" height=\"1706\" src=\"https:\/\/nuriferrer.com\/wp-content\/uploads\/2024\/06\/Urgell-27-scaled.webp\" class=\"attachment-full size-full wp-image-399\" alt=\"\" srcset=\"https:\/\/nuriferrer.com\/wp-content\/uploads\/2024\/06\/Urgell-27-scaled.webp 2560w, https:\/\/nuriferrer.com\/wp-content\/uploads\/2024\/06\/Urgell-27-300x200.webp 300w, https:\/\/nuriferrer.com\/wp-content\/uploads\/2024\/06\/Urgell-27-1024x683.webp 1024w, https:\/\/nuriferrer.com\/wp-content\/uploads\/2024\/06\/Urgell-27-768x512.webp 768w, https:\/\/nuriferrer.com\/wp-content\/uploads\/2024\/06\/Urgell-27-1536x1024.webp 1536w, https:\/\/nuriferrer.com\/wp-content\/uploads\/2024\/06\/Urgell-27-2048x1365.webp 2048w\" sizes=\"(max-width: 2560px) 100vw, 2560px\" \/>\t\t<\/div>\n\t\t\t\t<div class=\"elementor-portfolio-item__overlay\">\n\t\t\t\t<\/div>\n\t\t\t\t<\/a>\n\t\t<\/article>\n\t\t\t\t<article class=\"elementor-portfolio-item elementor-post  post-318 page type-page status-publish has-post-thumbnail hentry\">\n\t\t\t<a class=\"elementor-post__thumbnail__link\" href=\"https:\/\/nuriferrer.com\/index.php\/tina-prat\/\">\n\t\t\t\t<div class=\"elementor-portfolio-item__img elementor-post__thumbnail\">\n\t\t\t<img decoding=\"async\" width=\"2560\" height=\"1707\" src=\"https:\/\/nuriferrer.com\/wp-content\/uploads\/2024\/06\/TinaPrat-16-scaled.webp\" class=\"attachment-full size-full wp-image-337\" alt=\"\" srcset=\"https:\/\/nuriferrer.com\/wp-content\/uploads\/2024\/06\/TinaPrat-16-scaled.webp 2560w, https:\/\/nuriferrer.com\/wp-content\/uploads\/2024\/06\/TinaPrat-16-300x200.webp 300w, https:\/\/nuriferrer.com\/wp-content\/uploads\/2024\/06\/TinaPrat-16-1024x683.webp 1024w, https:\/\/nuriferrer.com\/wp-content\/uploads\/2024\/06\/TinaPrat-16-768x512.webp 768w, https:\/\/nuriferrer.com\/wp-content\/uploads\/2024\/06\/TinaPrat-16-1536x1024.webp 1536w, https:\/\/nuriferrer.com\/wp-content\/uploads\/2024\/06\/TinaPrat-16-2048x1365.webp 2048w\" sizes=\"(max-width: 2560px) 100vw, 2560px\" \/>\t\t<\/div>\n\t\t\t\t<div class=\"elementor-portfolio-item__overlay\">\n\t\t\t\t<\/div>\n\t\t\t\t<\/a>\n\t\t<\/article>\n\t\t\t\t<article class=\"elementor-portfolio-item elementor-post  post-709 page type-page status-publish has-post-thumbnail hentry\">\n\t\t\t<a class=\"elementor-post__thumbnail__link\" href=\"https:\/\/nuriferrer.com\/index.php\/pergola\/\">\n\t\t\t\t<div class=\"elementor-portfolio-item__img elementor-post__thumbnail\">\n\t\t\t<img decoding=\"async\" width=\"1024\" height=\"768\" src=\"https:\/\/nuriferrer.com\/wp-content\/uploads\/2024\/07\/PHOTO-2021-07-28-08-39-06.jpg\" class=\"attachment-full size-full wp-image-816\" alt=\"\" srcset=\"https:\/\/nuriferrer.com\/wp-content\/uploads\/2024\/07\/PHOTO-2021-07-28-08-39-06.jpg 1024w, https:\/\/nuriferrer.com\/wp-content\/uploads\/2024\/07\/PHOTO-2021-07-28-08-39-06-300x225.jpg 300w, https:\/\/nuriferrer.com\/wp-content\/uploads\/2024\/07\/PHOTO-2021-07-28-08-39-06-768x576.jpg 768w\" sizes=\"(max-width: 1024px) 100vw, 1024px\" \/>\t\t<\/div>\n\t\t\t\t<div class=\"elementor-portfolio-item__overlay\">\n\t\t\t\t<\/div>\n\t\t\t\t<\/a>\n\t\t<\/article>\n\t\t\t\t<article class=\"elementor-portfolio-item elementor-post  post-710 page type-page status-publish has-post-thumbnail hentry\">\n\t\t\t<a class=\"elementor-post__thumbnail__link\" href=\"https:\/\/nuriferrer.com\/index.php\/optica\/\">\n\t\t\t\t<div class=\"elementor-portfolio-item__img elementor-post__thumbnail\">\n\t\t\t<img loading=\"lazy\" decoding=\"async\" width=\"2000\" height=\"1333\" src=\"https:\/\/nuriferrer.com\/wp-content\/uploads\/2024\/07\/0003_Fotos_Interiores_Optica_Rubinat_Nuri_Ferrer_Terrassa_fotovisuals_260220.webp\" class=\"attachment-full size-full wp-image-771\" alt=\"\" srcset=\"https:\/\/nuriferrer.com\/wp-content\/uploads\/2024\/07\/0003_Fotos_Interiores_Optica_Rubinat_Nuri_Ferrer_Terrassa_fotovisuals_260220.webp 2000w, https:\/\/nuriferrer.com\/wp-content\/uploads\/2024\/07\/0003_Fotos_Interiores_Optica_Rubinat_Nuri_Ferrer_Terrassa_fotovisuals_260220-300x200.webp 300w, https:\/\/nuriferrer.com\/wp-content\/uploads\/2024\/07\/0003_Fotos_Interiores_Optica_Rubinat_Nuri_Ferrer_Terrassa_fotovisuals_260220-1024x682.webp 1024w, https:\/\/nuriferrer.com\/wp-content\/uploads\/2024\/07\/0003_Fotos_Interiores_Optica_Rubinat_Nuri_Ferrer_Terrassa_fotovisuals_260220-768x512.webp 768w, https:\/\/nuriferrer.com\/wp-content\/uploads\/2024\/07\/0003_Fotos_Interiores_Optica_Rubinat_Nuri_Ferrer_Terrassa_fotovisuals_260220-1536x1024.webp 1536w\" sizes=\"(max-width: 2000px) 100vw, 2000px\" \/>\t\t<\/div>\n\t\t\t\t<div class=\"elementor-portfolio-item__overlay\">\n\t\t\t\t<\/div>\n\t\t\t\t<\/a>\n\t\t<\/article>\n\t\t\t\t<article class=\"elementor-portfolio-item elementor-post  post-693 page type-page status-publish has-post-thumbnail hentry\">\n\t\t\t<a class=\"elementor-post__thumbnail__link\" href=\"https:\/\/nuriferrer.com\/index.php\/nuri-2\/\">\n\t\t\t\t<div class=\"elementor-portfolio-item__img elementor-post__thumbnail\">\n\t\t\t<img loading=\"lazy\" decoding=\"async\" width=\"2000\" height=\"1333\" src=\"https:\/\/nuriferrer.com\/wp-content\/uploads\/2024\/07\/0010_Fotos_Interiores_Casa_Particular_reforma_Nuri_Ferrer_Terrassa_fotovisuals_260220.webp\" class=\"attachment-full size-full wp-image-733\" alt=\"\" srcset=\"https:\/\/nuriferrer.com\/wp-content\/uploads\/2024\/07\/0010_Fotos_Interiores_Casa_Particular_reforma_Nuri_Ferrer_Terrassa_fotovisuals_260220.webp 2000w, https:\/\/nuriferrer.com\/wp-content\/uploads\/2024\/07\/0010_Fotos_Interiores_Casa_Particular_reforma_Nuri_Ferrer_Terrassa_fotovisuals_260220-300x200.webp 300w, https:\/\/nuriferrer.com\/wp-content\/uploads\/2024\/07\/0010_Fotos_Interiores_Casa_Particular_reforma_Nuri_Ferrer_Terrassa_fotovisuals_260220-1024x682.webp 1024w, https:\/\/nuriferrer.com\/wp-content\/uploads\/2024\/07\/0010_Fotos_Interiores_Casa_Particular_reforma_Nuri_Ferrer_Terrassa_fotovisuals_260220-768x512.webp 768w, https:\/\/nuriferrer.com\/wp-content\/uploads\/2024\/07\/0010_Fotos_Interiores_Casa_Particular_reforma_Nuri_Ferrer_Terrassa_fotovisuals_260220-1536x1024.webp 1536w\" sizes=\"(max-width: 2000px) 100vw, 2000px\" \/>\t\t<\/div>\n\t\t\t\t<div class=\"elementor-portfolio-item__overlay\">\n\t\t\t\t<\/div>\n\t\t\t\t<\/a>\n\t\t<\/article>\n\t\t\t\t<article class=\"elementor-portfolio-item elementor-post  post-347 page type-page status-publish has-post-thumbnail hentry\">\n\t\t\t<a class=\"elementor-post__thumbnail__link\" href=\"https:\/\/nuriferrer.com\/index.php\/cardaire\/\">\n\t\t\t\t<div class=\"elementor-portfolio-item__img elementor-post__thumbnail\">\n\t\t\t<img loading=\"lazy\" decoding=\"async\" width=\"2560\" height=\"1707\" src=\"https:\/\/nuriferrer.com\/wp-content\/uploads\/2024\/06\/Cardaire2830_58-min-scaled.webp\" class=\"attachment-full size-full wp-image-359\" alt=\"\" srcset=\"https:\/\/nuriferrer.com\/wp-content\/uploads\/2024\/06\/Cardaire2830_58-min-scaled.webp 2560w, https:\/\/nuriferrer.com\/wp-content\/uploads\/2024\/06\/Cardaire2830_58-min-300x200.webp 300w, https:\/\/nuriferrer.com\/wp-content\/uploads\/2024\/06\/Cardaire2830_58-min-1024x683.webp 1024w, https:\/\/nuriferrer.com\/wp-content\/uploads\/2024\/06\/Cardaire2830_58-min-768x512.webp 768w, https:\/\/nuriferrer.com\/wp-content\/uploads\/2024\/06\/Cardaire2830_58-min-1536x1024.webp 1536w, https:\/\/nuriferrer.com\/wp-content\/uploads\/2024\/06\/Cardaire2830_58-min-2048x1365.webp 2048w\" sizes=\"(max-width: 2560px) 100vw, 2560px\" \/>\t\t<\/div>\n\t\t\t\t<div class=\"elementor-portfolio-item__overlay\">\n\t\t\t\t<\/div>\n\t\t\t\t<\/a>\n\t\t<\/article>\n\t\t\t\t<article class=\"elementor-portfolio-item elementor-post  post-257 page type-page status-publish has-post-thumbnail hentry\">\n\t\t\t<a class=\"elementor-post__thumbnail__link\" href=\"https:\/\/nuriferrer.com\/index.php\/can_tusell\/\">\n\t\t\t\t<div class=\"elementor-portfolio-item__img elementor-post__thumbnail\">\n\t\t\t<img loading=\"lazy\" decoding=\"async\" width=\"1920\" height=\"1280\" src=\"https:\/\/nuriferrer.com\/wp-content\/uploads\/2024\/06\/FarmaciaCanTusell-26.webp\" class=\"attachment-full size-full wp-image-279\" alt=\"\" srcset=\"https:\/\/nuriferrer.com\/wp-content\/uploads\/2024\/06\/FarmaciaCanTusell-26.webp 1920w, https:\/\/nuriferrer.com\/wp-content\/uploads\/2024\/06\/FarmaciaCanTusell-26-300x200.webp 300w, https:\/\/nuriferrer.com\/wp-content\/uploads\/2024\/06\/FarmaciaCanTusell-26-1024x683.webp 1024w, https:\/\/nuriferrer.com\/wp-content\/uploads\/2024\/06\/FarmaciaCanTusell-26-768x512.webp 768w, https:\/\/nuriferrer.com\/wp-content\/uploads\/2024\/06\/FarmaciaCanTusell-26-1536x1024.webp 1536w\" sizes=\"(max-width: 1920px) 100vw, 1920px\" \/>\t\t<\/div>\n\t\t\t\t<div class=\"elementor-portfolio-item__overlay\">\n\t\t\t\t<\/div>\n\t\t\t\t<\/a>\n\t\t<\/article>\n\t\t\t\t<article class=\"elementor-portfolio-item elementor-post  post-229 page type-page status-publish has-post-thumbnail hentry\">\n\t\t\t<a class=\"elementor-post__thumbnail__link\" href=\"https:\/\/nuriferrer.com\/index.php\/luque\/\">\n\t\t\t\t<div class=\"elementor-portfolio-item__img elementor-post__thumbnail\">\n\t\t\t<img loading=\"lazy\" decoding=\"async\" width=\"2313\" height=\"2560\" src=\"https:\/\/nuriferrer.com\/wp-content\/uploads\/2024\/06\/NURI_FERRER_01_020-scaled.webp\" class=\"attachment-full size-full wp-image-244\" alt=\"\" srcset=\"https:\/\/nuriferrer.com\/wp-content\/uploads\/2024\/06\/NURI_FERRER_01_020-scaled.webp 2313w, https:\/\/nuriferrer.com\/wp-content\/uploads\/2024\/06\/NURI_FERRER_01_020-271x300.webp 271w, https:\/\/nuriferrer.com\/wp-content\/uploads\/2024\/06\/NURI_FERRER_01_020-925x1024.webp 925w, https:\/\/nuriferrer.com\/wp-content\/uploads\/2024\/06\/NURI_FERRER_01_020-768x850.webp 768w, https:\/\/nuriferrer.com\/wp-content\/uploads\/2024\/06\/NURI_FERRER_01_020-1388x1536.webp 1388w, https:\/\/nuriferrer.com\/wp-content\/uploads\/2024\/06\/NURI_FERRER_01_020-1850x2048.webp 1850w\" sizes=\"(max-width: 2313px) 100vw, 2313px\" \/>\t\t<\/div>\n\t\t\t\t<div class=\"elementor-portfolio-item__overlay\">\n\t\t\t\t<\/div>\n\t\t\t\t<\/a>\n\t\t<\/article>\n\t\t\t\t<article class=\"elementor-portfolio-item elementor-post  post-708 page type-page status-publish has-post-thumbnail hentry\">\n\t\t\t<a class=\"elementor-post__thumbnail__link\" href=\"https:\/\/nuriferrer.com\/index.php\/mj\/\">\n\t\t\t\t<div class=\"elementor-portfolio-item__img elementor-post__thumbnail\">\n\t\t\t<img loading=\"lazy\" decoding=\"async\" width=\"2048\" height=\"1365\" src=\"https:\/\/nuriferrer.com\/wp-content\/uploads\/2024\/07\/27-0027_Fotos_interiores_Terrasssa_Marc_Sanchez_fotovisuals_210120.webp\" class=\"attachment-full size-full wp-image-762\" alt=\"\" srcset=\"https:\/\/nuriferrer.com\/wp-content\/uploads\/2024\/07\/27-0027_Fotos_interiores_Terrasssa_Marc_Sanchez_fotovisuals_210120.webp 2048w, https:\/\/nuriferrer.com\/wp-content\/uploads\/2024\/07\/27-0027_Fotos_interiores_Terrasssa_Marc_Sanchez_fotovisuals_210120-300x200.webp 300w, https:\/\/nuriferrer.com\/wp-content\/uploads\/2024\/07\/27-0027_Fotos_interiores_Terrasssa_Marc_Sanchez_fotovisuals_210120-1024x683.webp 1024w, https:\/\/nuriferrer.com\/wp-content\/uploads\/2024\/07\/27-0027_Fotos_interiores_Terrasssa_Marc_Sanchez_fotovisuals_210120-768x512.webp 768w, https:\/\/nuriferrer.com\/wp-content\/uploads\/2024\/07\/27-0027_Fotos_interiores_Terrasssa_Marc_Sanchez_fotovisuals_210120-1536x1024.webp 1536w\" sizes=\"(max-width: 2048px) 100vw, 2048px\" \/>\t\t<\/div>\n\t\t\t\t<div class=\"elementor-portfolio-item__overlay\">\n\t\t\t\t<\/div>\n\t\t\t\t<\/a>\n\t\t<\/article>\n\t\t\t\t<article class=\"elementor-portfolio-item elementor-post  post-297 page type-page status-publish has-post-thumbnail hentry\">\n\t\t\t<a class=\"elementor-post__thumbnail__link\" href=\"https:\/\/nuriferrer.com\/index.php\/pedritxes\/\">\n\t\t\t\t<div class=\"elementor-portfolio-item__img elementor-post__thumbnail\">\n\t\t\t<img loading=\"lazy\" decoding=\"async\" width=\"1000\" height=\"666\" src=\"https:\/\/nuriferrer.com\/wp-content\/uploads\/2024\/06\/0008_Fotos_Interiores_Casa_Particular_reforma_exterior_Nuri_Ferrer_Terrassa_fotovisuals_260220.webp\" class=\"attachment-full size-full wp-image-302\" alt=\"\" srcset=\"https:\/\/nuriferrer.com\/wp-content\/uploads\/2024\/06\/0008_Fotos_Interiores_Casa_Particular_reforma_exterior_Nuri_Ferrer_Terrassa_fotovisuals_260220.webp 1000w, https:\/\/nuriferrer.com\/wp-content\/uploads\/2024\/06\/0008_Fotos_Interiores_Casa_Particular_reforma_exterior_Nuri_Ferrer_Terrassa_fotovisuals_260220-300x200.webp 300w, https:\/\/nuriferrer.com\/wp-content\/uploads\/2024\/06\/0008_Fotos_Interiores_Casa_Particular_reforma_exterior_Nuri_Ferrer_Terrassa_fotovisuals_260220-768x511.webp 768w\" sizes=\"(max-width: 1000px) 100vw, 1000px\" \/>\t\t<\/div>\n\t\t\t\t<div class=\"elementor-portfolio-item__overlay\">\n\t\t\t\t<\/div>\n\t\t\t\t<\/a>\n\t\t<\/article>\n\t\t\t\t<\/div>\n\t\t\t\t\t\t<\/div>\n\t\t\t\t<\/div>\n\t\t\t\t<\/div>\n\t\t<div class=\"elementor-element elementor-element-a41a428 e-flex e-con-boxed e-con e-parent\" data-id=\"a41a428\" data-element_type=\"container\">\n\t\t\t\t\t<div class=\"e-con-inner\">\n\t\t\t\t<div class=\"elementor-element elementor-element-a88b6b0 elementor-widget elementor-widget-heading\" data-id=\"a88b6b0\" data-element_type=\"widget\" data-widget_type=\"heading.default\">\n\t\t\t\t<div class=\"elementor-widget-container\">\n\t\t\t\t\t<h2 class=\"elementor-heading-title elementor-size-default\">\"La bellesa del que \u00e9s atemporal, de l'alta qualitat, dels espais c\u00e0lids i \u00fanics que superen amb nota el pas del temps.\"<\/h2>\t\t\t\t<\/div>\n\t\t\t\t<\/div>\n\t\t\t\t\t<\/div>\n\t\t\t\t<\/div>\n\t\t\t\t<\/div>\n\t\t","protected":false},"excerpt":{"rendered":"<p>\u00abLa bellesa del que \u00e9s atemporal, de l&#8217;alta qualitat, dels espais c\u00e0lids i \u00fanics que superen amb nota el pas del temps.\u00bb<\/p>\n","protected":false},"author":2,"featured_media":1071,"parent":0,"menu_order":0,"comment_status":"closed","ping_status":"closed","template":"","meta":{"_sitemap_exclude":false,"_sitemap_priority":"","_sitemap_frequency":"","footnotes":""},"class_list":["post-1600","page","type-page","status-publish","has-post-thumbnail","hentry"],"yoast_head":"<!-- This site is optimized with the Yoast SEO plugin v26.6 - https:\/\/yoast.com\/wordpress\/plugins\/seo\/ -->\n<title>PROJECTES - Nu Studio<\/title>\n<meta name=\"robots\" content=\"index, follow, max-snippet:-1, max-image-preview:large, max-video-preview:-1\" \/>\n<link rel=\"canonical\" href=\"https:\/\/nuriferrer.com\/index.php\/ca\/projectes\/\" \/>\n<meta property=\"og:locale\" content=\"es_ES\" \/>\n<meta property=\"og:type\" content=\"article\" \/>\n<meta property=\"og:title\" content=\"PROJECTES - Nu Studio\" \/>\n<meta property=\"og:description\" content=\"\u00abLa bellesa del que \u00e9s atemporal, de l&#8217;alta qualitat, dels espais c\u00e0lids i \u00fanics que superen amb nota el pas del temps.\u00bb\" \/>\n<meta property=\"og:url\" content=\"https:\/\/nuriferrer.com\/index.php\/ca\/projectes\/\" \/>\n<meta property=\"og:site_name\" content=\"Nu Studio\" \/>\n<meta property=\"article:modified_time\" content=\"2024-09-26T16:07:58+00:00\" \/>\n<meta property=\"og:image\" content=\"https:\/\/nuriferrer.com\/wp-content\/uploads\/2024\/06\/0001_Fotos_Interiores_Casa_Particular_reforma_Nuri_Ferrer_Terrassa_fotovisuals_260220.jpg\" \/>\n\t<meta property=\"og:image:width\" content=\"2000\" \/>\n\t<meta property=\"og:image:height\" content=\"1333\" \/>\n\t<meta property=\"og:image:type\" content=\"image\/jpeg\" \/>\n<meta name=\"twitter:card\" content=\"summary_large_image\" \/>\n<meta name=\"twitter:label1\" content=\"Tiempo de lectura\" \/>\n\t<meta name=\"twitter:data1\" content=\"3 minutos\" \/>\n<script type=\"application\/ld+json\" class=\"yoast-schema-graph\">{\"@context\":\"https:\/\/schema.org\",\"@graph\":[{\"@type\":\"WebPage\",\"@id\":\"https:\/\/nuriferrer.com\/index.php\/ca\/projectes\/\",\"url\":\"https:\/\/nuriferrer.com\/index.php\/ca\/projectes\/\",\"name\":\"PROJECTES - Nu Studio\",\"isPartOf\":{\"@id\":\"https:\/\/nuriferrer.com\/#website\"},\"primaryImageOfPage\":{\"@id\":\"https:\/\/nuriferrer.com\/index.php\/ca\/projectes\/#primaryimage\"},\"image\":{\"@id\":\"https:\/\/nuriferrer.com\/index.php\/ca\/projectes\/#primaryimage\"},\"thumbnailUrl\":\"https:\/\/nuriferrer.com\/wp-content\/uploads\/2024\/06\/0001_Fotos_Interiores_Casa_Particular_reforma_Nuri_Ferrer_Terrassa_fotovisuals_260220.jpg\",\"datePublished\":\"2024-09-26T16:07:44+00:00\",\"dateModified\":\"2024-09-26T16:07:58+00:00\",\"breadcrumb\":{\"@id\":\"https:\/\/nuriferrer.com\/index.php\/ca\/projectes\/#breadcrumb\"},\"inLanguage\":\"es\",\"potentialAction\":[{\"@type\":\"ReadAction\",\"target\":[\"https:\/\/nuriferrer.com\/index.php\/ca\/projectes\/\"]}]},{\"@type\":\"ImageObject\",\"inLanguage\":\"es\",\"@id\":\"https:\/\/nuriferrer.com\/index.php\/ca\/projectes\/#primaryimage\",\"url\":\"https:\/\/nuriferrer.com\/wp-content\/uploads\/2024\/06\/0001_Fotos_Interiores_Casa_Particular_reforma_Nuri_Ferrer_Terrassa_fotovisuals_260220.jpg\",\"contentUrl\":\"https:\/\/nuriferrer.com\/wp-content\/uploads\/2024\/06\/0001_Fotos_Interiores_Casa_Particular_reforma_Nuri_Ferrer_Terrassa_fotovisuals_260220.jpg\",\"width\":2000,\"height\":1333,\"caption\":\"Fotos interiores para Nuri Ferrer Dise\u00f1adora de Interiores en TERRASSA, fotos de Marc S\u00e1nchez de fotovisuals.com (ca translation)\"},{\"@type\":\"BreadcrumbList\",\"@id\":\"https:\/\/nuriferrer.com\/index.php\/ca\/projectes\/#breadcrumb\",\"itemListElement\":[{\"@type\":\"ListItem\",\"position\":1,\"name\":\"Home\",\"item\":\"https:\/\/nuriferrer.com\/\"},{\"@type\":\"ListItem\",\"position\":2,\"name\":\"PROJECTES\"}]},{\"@type\":\"WebSite\",\"@id\":\"https:\/\/nuriferrer.com\/#website\",\"url\":\"https:\/\/nuriferrer.com\/\",\"name\":\"Nu Studio\",\"description\":\"\",\"publisher\":{\"@id\":\"https:\/\/nuriferrer.com\/#organization\"},\"potentialAction\":[{\"@type\":\"SearchAction\",\"target\":{\"@type\":\"EntryPoint\",\"urlTemplate\":\"https:\/\/nuriferrer.com\/?s={search_term_string}\"},\"query-input\":{\"@type\":\"PropertyValueSpecification\",\"valueRequired\":true,\"valueName\":\"search_term_string\"}}],\"inLanguage\":\"es\"},{\"@type\":\"Organization\",\"@id\":\"https:\/\/nuriferrer.com\/#organization\",\"name\":\"Nu Studio\",\"url\":\"https:\/\/nuriferrer.com\/\",\"logo\":{\"@type\":\"ImageObject\",\"inLanguage\":\"es\",\"@id\":\"https:\/\/nuriferrer.com\/#\/schema\/logo\/image\/\",\"url\":\"https:\/\/nuriferrer.com\/wp-content\/uploads\/2024\/06\/image001.png\",\"contentUrl\":\"https:\/\/nuriferrer.com\/wp-content\/uploads\/2024\/06\/image001.png\",\"width\":1175,\"height\":773,\"caption\":\"Nu Studio\"},\"image\":{\"@id\":\"https:\/\/nuriferrer.com\/#\/schema\/logo\/image\/\"}}]}<\/script>\n<!-- \/ Yoast SEO plugin. -->","yoast_head_json":{"title":"PROJECTES - Nu Studio","robots":{"index":"index","follow":"follow","max-snippet":"max-snippet:-1","max-image-preview":"max-image-preview:large","max-video-preview":"max-video-preview:-1"},"canonical":"https:\/\/nuriferrer.com\/index.php\/ca\/projectes\/","og_locale":"es_ES","og_type":"article","og_title":"PROJECTES - Nu Studio","og_description":"\u00abLa bellesa del que \u00e9s atemporal, de l&#8217;alta qualitat, dels espais c\u00e0lids i \u00fanics que superen amb nota el pas del temps.\u00bb","og_url":"https:\/\/nuriferrer.com\/index.php\/ca\/projectes\/","og_site_name":"Nu Studio","article_modified_time":"2024-09-26T16:07:58+00:00","og_image":[{"width":2000,"height":1333,"url":"https:\/\/nuriferrer.com\/wp-content\/uploads\/2024\/06\/0001_Fotos_Interiores_Casa_Particular_reforma_Nuri_Ferrer_Terrassa_fotovisuals_260220.jpg","type":"image\/jpeg"}],"twitter_card":"summary_large_image","twitter_misc":{"Tiempo de lectura":"3 minutos"},"schema":{"@context":"https:\/\/schema.org","@graph":[{"@type":"WebPage","@id":"https:\/\/nuriferrer.com\/index.php\/ca\/projectes\/","url":"https:\/\/nuriferrer.com\/index.php\/ca\/projectes\/","name":"PROJECTES - Nu Studio","isPartOf":{"@id":"https:\/\/nuriferrer.com\/#website"},"primaryImageOfPage":{"@id":"https:\/\/nuriferrer.com\/index.php\/ca\/projectes\/#primaryimage"},"image":{"@id":"https:\/\/nuriferrer.com\/index.php\/ca\/projectes\/#primaryimage"},"thumbnailUrl":"https:\/\/nuriferrer.com\/wp-content\/uploads\/2024\/06\/0001_Fotos_Interiores_Casa_Particular_reforma_Nuri_Ferrer_Terrassa_fotovisuals_260220.jpg","datePublished":"2024-09-26T16:07:44+00:00","dateModified":"2024-09-26T16:07:58+00:00","breadcrumb":{"@id":"https:\/\/nuriferrer.com\/index.php\/ca\/projectes\/#breadcrumb"},"inLanguage":"es","potentialAction":[{"@type":"ReadAction","target":["https:\/\/nuriferrer.com\/index.php\/ca\/projectes\/"]}]},{"@type":"ImageObject","inLanguage":"es","@id":"https:\/\/nuriferrer.com\/index.php\/ca\/projectes\/#primaryimage","url":"https:\/\/nuriferrer.com\/wp-content\/uploads\/2024\/06\/0001_Fotos_Interiores_Casa_Particular_reforma_Nuri_Ferrer_Terrassa_fotovisuals_260220.jpg","contentUrl":"https:\/\/nuriferrer.com\/wp-content\/uploads\/2024\/06\/0001_Fotos_Interiores_Casa_Particular_reforma_Nuri_Ferrer_Terrassa_fotovisuals_260220.jpg","width":2000,"height":1333,"caption":"Fotos interiores para Nuri Ferrer Dise\u00f1adora de Interiores en TERRASSA, fotos de Marc S\u00e1nchez de fotovisuals.com (ca translation)"},{"@type":"BreadcrumbList","@id":"https:\/\/nuriferrer.com\/index.php\/ca\/projectes\/#breadcrumb","itemListElement":[{"@type":"ListItem","position":1,"name":"Home","item":"https:\/\/nuriferrer.com\/"},{"@type":"ListItem","position":2,"name":"PROJECTES"}]},{"@type":"WebSite","@id":"https:\/\/nuriferrer.com\/#website","url":"https:\/\/nuriferrer.com\/","name":"Nu Studio","description":"","publisher":{"@id":"https:\/\/nuriferrer.com\/#organization"},"potentialAction":[{"@type":"SearchAction","target":{"@type":"EntryPoint","urlTemplate":"https:\/\/nuriferrer.com\/?s={search_term_string}"},"query-input":{"@type":"PropertyValueSpecification","valueRequired":true,"valueName":"search_term_string"}}],"inLanguage":"es"},{"@type":"Organization","@id":"https:\/\/nuriferrer.com\/#organization","name":"Nu Studio","url":"https:\/\/nuriferrer.com\/","logo":{"@type":"ImageObject","inLanguage":"es","@id":"https:\/\/nuriferrer.com\/#\/schema\/logo\/image\/","url":"https:\/\/nuriferrer.com\/wp-content\/uploads\/2024\/06\/image001.png","contentUrl":"https:\/\/nuriferrer.com\/wp-content\/uploads\/2024\/06\/image001.png","width":1175,"height":773,"caption":"Nu Studio"},"image":{"@id":"https:\/\/nuriferrer.com\/#\/schema\/logo\/image\/"}}]}},"_links":{"self":[{"href":"https:\/\/nuriferrer.com\/index.php\/wp-json\/wp\/v2\/pages\/1600","targetHints":{"allow":["GET"]}}],"collection":[{"href":"https:\/\/nuriferrer.com\/index.php\/wp-json\/wp\/v2\/pages"}],"about":[{"href":"https:\/\/nuriferrer.com\/index.php\/wp-json\/wp\/v2\/types\/page"}],"author":[{"embeddable":true,"href":"https:\/\/nuriferrer.com\/index.php\/wp-json\/wp\/v2\/users\/2"}],"replies":[{"embeddable":true,"href":"https:\/\/nuriferrer.com\/index.php\/wp-json\/wp\/v2\/comments?post=1600"}],"version-history":[{"count":4,"href":"https:\/\/nuriferrer.com\/index.php\/wp-json\/wp\/v2\/pages\/1600\/revisions"}],"predecessor-version":[{"id":1604,"href":"https:\/\/nuriferrer.com\/index.php\/wp-json\/wp\/v2\/pages\/1600\/revisions\/1604"}],"wp:featuredmedia":[{"embeddable":true,"href":"https:\/\/nuriferrer.com\/index.php\/wp-json\/wp\/v2\/media\/1071"}],"wp:attachment":[{"href":"https:\/\/nuriferrer.com\/index.php\/wp-json\/wp\/v2\/media?parent=1600"}],"curies":[{"name":"wp","href":"https:\/\/api.w.org\/{rel}","templated":true}]}}