{"id":32,"date":"2024-06-06T07:58:11","date_gmt":"2024-06-06T07:58:11","guid":{"rendered":"https:\/\/nuriferrer.beringserveis.eu\/?page_id=32"},"modified":"2025-05-27T15:49:25","modified_gmt":"2025-05-27T15:49:25","slug":"home","status":"publish","type":"page","link":"https:\/\/nuriferrer.com\/","title":{"rendered":"HOME"},"content":{"rendered":"\t\t<div data-elementor-type=\"wp-page\" data-elementor-id=\"32\" class=\"elementor elementor-32\" data-elementor-post-type=\"page\">\n\t\t\t\t<div class=\"elementor-element elementor-element-5f27f82 e-flex e-con-boxed e-con e-parent\" data-id=\"5f27f82\" data-element_type=\"container\" data-settings=\"{&quot;background_background&quot;:&quot;slideshow&quot;,&quot;background_slideshow_gallery&quot;:[{&quot;id&quot;:620,&quot;url&quot;:&quot;https:\\\/\\\/nuriferrer.com\\\/wp-content\\\/uploads\\\/2024\\\/07\\\/F04.webp&quot;},{&quot;id&quot;:615,&quot;url&quot;:&quot;https:\\\/\\\/nuriferrer.com\\\/wp-content\\\/uploads\\\/2024\\\/07\\\/NURI_FERRER_01_021-scaled-e1721814507864.webp&quot;},{&quot;id&quot;:614,&quot;url&quot;:&quot;https:\\\/\\\/nuriferrer.com\\\/wp-content\\\/uploads\\\/2024\\\/07\\\/F05-scaled-e1721814474868.webp&quot;},{&quot;id&quot;:612,&quot;url&quot;:&quot;https:\\\/\\\/nuriferrer.com\\\/wp-content\\\/uploads\\\/2024\\\/07\\\/F03-scaled-e1721814466471.webp&quot;},{&quot;id&quot;:611,&quot;url&quot;:&quot;https:\\\/\\\/nuriferrer.com\\\/wp-content\\\/uploads\\\/2024\\\/07\\\/F02-scaled-e1721814456872.webp&quot;},{&quot;id&quot;:610,&quot;url&quot;:&quot;https:\\\/\\\/nuriferrer.com\\\/wp-content\\\/uploads\\\/2024\\\/07\\\/f01-scaled-e1721814444894.webp&quot;}],&quot;background_slideshow_loop&quot;:&quot;yes&quot;,&quot;background_slideshow_slide_duration&quot;:5000,&quot;background_slideshow_slide_transition&quot;:&quot;fade&quot;,&quot;background_slideshow_transition_duration&quot;:500}\">\n\t\t\t\t\t<div class=\"e-con-inner\">\n\t\t\t\t\t<\/div>\n\t\t\t\t<\/div>\n\t\t<div class=\"elementor-element elementor-element-1e75ae2 e-flex e-con-boxed e-con e-parent\" data-id=\"1e75ae2\" data-element_type=\"container\" data-settings=\"{&quot;background_background&quot;:&quot;classic&quot;}\">\n\t\t\t\t\t<div class=\"e-con-inner\">\n\t\t\t\t<div class=\"elementor-element elementor-element-f83c860 elementor-widget-mobile__width-initial elementor-widget elementor-widget-heading\" data-id=\"f83c860\" data-element_type=\"widget\" data-widget_type=\"heading.default\">\n\t\t\t\t<div class=\"elementor-widget-container\">\n\t\t\t\t\t<h2 class=\"elementor-heading-title elementor-size-default\">\u201cEl estilo es una manera simple de decir cosas complicadas\u201d<\/h2>\t\t\t\t<\/div>\n\t\t\t\t<\/div>\n\t\t\t\t\t<\/div>\n\t\t\t\t<\/div>\n\t\t<div class=\"elementor-element elementor-element-fbc53e2 e-flex e-con-boxed e-con e-parent\" data-id=\"fbc53e2\" data-element_type=\"container\">\n\t\t\t\t\t<div class=\"e-con-inner\">\n\t\t<div class=\"elementor-element elementor-element-12f8447 e-con-full e-flex e-con e-child\" data-id=\"12f8447\" data-element_type=\"container\">\n\t\t<div class=\"elementor-element elementor-element-076070a e-con-full e-flex e-con e-child\" data-id=\"076070a\" data-element_type=\"container\">\n\t\t\t\t<div class=\"elementor-element elementor-element-2cea7c8 elementor-widget elementor-widget-heading\" data-id=\"2cea7c8\" data-element_type=\"widget\" data-widget_type=\"heading.default\">\n\t\t\t\t<div class=\"elementor-widget-container\">\n\t\t\t\t\t<h2 class=\"elementor-heading-title elementor-size-default\">Sobre mi<\/h2>\t\t\t\t<\/div>\n\t\t\t\t<\/div>\n\t\t\t\t<div class=\"elementor-element elementor-element-2848e6c elementor-widget elementor-widget-text-editor\" data-id=\"2848e6c\" data-element_type=\"widget\" data-widget_type=\"text-editor.default\">\n\t\t\t\t<div class=\"elementor-widget-container\">\n\t\t\t\t\t\t\t\t\t<p>La \u00fanica forma de hacer un gran trabajo es amando lo que haces. Mi pasi\u00f3n, mi vida, mi vocaci\u00f3n. Amo el dise\u00f1o y las cosas bellas.\u00a0<\/p><p>Para m\u00ed, mi profesi\u00f3n es mi motor, mi realizaci\u00f3n personal, aquello que me impulsa a crecer y que me propone nuevos retos a diario. Vivo el dise\u00f1o como una forma de expresi\u00f3n.\u00a0<\/p><p>Primero desde el disfrute de pensar y crear la propuesta, para ver m\u00e1s tarde c\u00f3mo se hace realidad. Para m\u00ed, el esfuerzo deja de ser esfuerzo al ver las expresiones de ilusi\u00f3n de mis clientes.\u00a0<\/p><p>Compartir eso es algo incre\u00edble, es mi gasolina.<\/p>\t\t\t\t\t\t\t\t<\/div>\n\t\t\t\t<\/div>\n\t\t\t\t<\/div>\n\t\t\t\t<\/div>\n\t\t<div class=\"elementor-element elementor-element-acfcb08 e-con-full e-flex e-con e-child\" data-id=\"acfcb08\" data-element_type=\"container\">\n\t\t\t\t<div class=\"elementor-element elementor-element-64af153 elementor-widget elementor-widget-image\" data-id=\"64af153\" data-element_type=\"widget\" data-widget_type=\"image.default\">\n\t\t\t\t<div class=\"elementor-widget-container\">\n\t\t\t\t\t\t\t\t\t\t\t\t\t\t\t<img fetchpriority=\"high\" decoding=\"async\" width=\"800\" height=\"600\" src=\"https:\/\/nuriferrer.com\/wp-content\/uploads\/2024\/09\/IMG_0566-e1727250987756-1024x768.png\" class=\"attachment-large size-large wp-image-1477\" alt=\"\" srcset=\"https:\/\/nuriferrer.com\/wp-content\/uploads\/2024\/09\/IMG_0566-e1727250987756-1024x768.png 1024w, https:\/\/nuriferrer.com\/wp-content\/uploads\/2024\/09\/IMG_0566-e1727250987756-300x225.png 300w, https:\/\/nuriferrer.com\/wp-content\/uploads\/2024\/09\/IMG_0566-e1727250987756-768x576.png 768w, https:\/\/nuriferrer.com\/wp-content\/uploads\/2024\/09\/IMG_0566-e1727250987756-1536x1152.png 1536w, https:\/\/nuriferrer.com\/wp-content\/uploads\/2024\/09\/IMG_0566-e1727250987756-2048x1536.png 2048w\" sizes=\"(max-width: 800px) 100vw, 800px\" \/>\t\t\t\t\t\t\t\t\t\t\t\t\t\t\t<\/div>\n\t\t\t\t<\/div>\n\t\t\t\t<\/div>\n\t\t\t\t\t<\/div>\n\t\t\t\t<\/div>\n\t\t<div class=\"elementor-element elementor-element-c696531 e-con-full e-flex e-con e-parent\" data-id=\"c696531\" data-element_type=\"container\">\n\t\t\t\t<div class=\"elementor-element elementor-element-6e7d8d2f elementor-widget elementor-widget-heading\" data-id=\"6e7d8d2f\" data-element_type=\"widget\" data-widget_type=\"heading.default\">\n\t\t\t\t<div class=\"elementor-widget-container\">\n\t\t\t\t\t<h2 class=\"elementor-heading-title elementor-size-default\">Cont\u00e1ctanos<\/h2>\t\t\t\t<\/div>\n\t\t\t\t<\/div>\n\t\t\t\t<div class=\"elementor-element elementor-element-3729885 elementor-widget__width-initial elementor-widget-divider--view-line elementor-widget elementor-widget-divider\" data-id=\"3729885\" data-element_type=\"widget\" data-widget_type=\"divider.default\">\n\t\t\t\t<div class=\"elementor-widget-container\">\n\t\t\t\t\t\t\t<div class=\"elementor-divider\">\n\t\t\t<span class=\"elementor-divider-separator\">\n\t\t\t\t\t\t<\/span>\n\t\t<\/div>\n\t\t\t\t\t\t<\/div>\n\t\t\t\t<\/div>\n\t\t\t\t<div class=\"elementor-element elementor-element-4485c6a4 elementor-button-align-end elementor-mobile-button-align-center elementor-widget__width-initial elementor-widget-mobile__width-initial elementor-widget elementor-widget-form\" data-id=\"4485c6a4\" data-element_type=\"widget\" data-settings=\"{&quot;step_next_label&quot;:&quot;Siguiente&quot;,&quot;step_previous_label&quot;:&quot;Anterior&quot;,&quot;button_width&quot;:&quot;100&quot;,&quot;step_type&quot;:&quot;number_text&quot;,&quot;step_icon_shape&quot;:&quot;circle&quot;}\" data-widget_type=\"form.default\">\n\t\t\t\t<div class=\"elementor-widget-container\">\n\t\t\t\t\t\t\t<form class=\"elementor-form\" method=\"post\" name=\"New Form\">\n\t\t\t<input type=\"hidden\" name=\"post_id\" value=\"32\"\/>\n\t\t\t<input type=\"hidden\" name=\"form_id\" value=\"4485c6a4\"\/>\n\t\t\t<input type=\"hidden\" name=\"referer_title\" value=\"Nu Studio\" \/>\n\n\t\t\t\n\t\t\t<div class=\"elementor-form-fields-wrapper elementor-labels-\">\n\t\t\t\t\t\t\t\t<div class=\"elementor-field-type-text elementor-field-group elementor-column elementor-field-group-name elementor-col-50\">\n\t\t\t\t\t\t\t\t\t\t\t\t<label for=\"form-field-name\" class=\"elementor-field-label elementor-screen-only\">\n\t\t\t\t\t\t\t\tFirst Name\t\t\t\t\t\t\t<\/label>\n\t\t\t\t\t\t\t\t\t\t\t\t\t\t<input size=\"1\" type=\"text\" name=\"form_fields[name]\" id=\"form-field-name\" class=\"elementor-field elementor-size-sm  elementor-field-textual\" placeholder=\"Nombre\">\n\t\t\t\t\t\t\t\t\t\t\t<\/div>\n\t\t\t\t\t\t\t\t<div class=\"elementor-field-type-text elementor-field-group elementor-column elementor-field-group-field_5e63ec7 elementor-col-50\">\n\t\t\t\t\t\t\t\t\t\t\t\t<label for=\"form-field-field_5e63ec7\" class=\"elementor-field-label elementor-screen-only\">\n\t\t\t\t\t\t\t\tLast Name\t\t\t\t\t\t\t<\/label>\n\t\t\t\t\t\t\t\t\t\t\t\t\t\t<input size=\"1\" type=\"text\" name=\"form_fields[field_5e63ec7]\" id=\"form-field-field_5e63ec7\" class=\"elementor-field elementor-size-sm  elementor-field-textual\" placeholder=\"Apellido\">\n\t\t\t\t\t\t\t\t\t\t\t<\/div>\n\t\t\t\t\t\t\t\t<div class=\"elementor-field-type-tel elementor-field-group elementor-column elementor-field-group-field_f5f1e1b elementor-col-50\">\n\t\t\t\t\t\t\t\t\t\t\t\t<label for=\"form-field-field_f5f1e1b\" class=\"elementor-field-label elementor-screen-only\">\n\t\t\t\t\t\t\t\tPhone Number\t\t\t\t\t\t\t<\/label>\n\t\t\t\t\t\t\t\t<input size=\"1\" type=\"tel\" name=\"form_fields[field_f5f1e1b]\" id=\"form-field-field_f5f1e1b\" class=\"elementor-field elementor-size-sm  elementor-field-textual\" placeholder=\"Tel\u00e9fono\" pattern=\"[0-9()#&amp;+*-=.]+\" title=\"Solo se aceptan n\u00fameros y caracteres de tel\u00e9fono (#,-,*,etc).\">\n\n\t\t\t\t\t\t<\/div>\n\t\t\t\t\t\t\t\t<div class=\"elementor-field-type-email elementor-field-group elementor-column elementor-field-group-email elementor-col-50 elementor-field-required\">\n\t\t\t\t\t\t\t\t\t\t\t\t<label for=\"form-field-email\" class=\"elementor-field-label elementor-screen-only\">\n\t\t\t\t\t\t\t\tEmail Address*\t\t\t\t\t\t\t<\/label>\n\t\t\t\t\t\t\t\t\t\t\t\t\t\t<input size=\"1\" type=\"email\" name=\"form_fields[email]\" id=\"form-field-email\" class=\"elementor-field elementor-size-sm  elementor-field-textual\" placeholder=\"Email\" required=\"required\" aria-required=\"true\">\n\t\t\t\t\t\t\t\t\t\t\t<\/div>\n\t\t\t\t\t\t\t\t<div class=\"elementor-field-type-textarea elementor-field-group elementor-column elementor-field-group-message elementor-col-100\">\n\t\t\t\t\t\t\t\t\t\t\t\t<label for=\"form-field-message\" class=\"elementor-field-label elementor-screen-only\">\n\t\t\t\t\t\t\t\tMessage\t\t\t\t\t\t\t<\/label>\n\t\t\t\t\t\t<textarea class=\"elementor-field-textual elementor-field  elementor-size-sm\" name=\"form_fields[message]\" id=\"form-field-message\" rows=\"4\" placeholder=\"\u00bfC\u00f3mo te puedo ayudar? \"><\/textarea>\t\t\t\t<\/div>\n\t\t\t\t\t\t\t\t<div class=\"elementor-field-group elementor-column elementor-field-type-submit elementor-col-100 e-form__buttons\">\n\t\t\t\t\t<button type=\"submit\" class=\"elementor-button elementor-size-md elementor-animation-grow\">\n\t\t\t\t\t\t<span >\n\t\t\t\t\t\t\t\t\t\t\t\t\t\t\t<span class=\" elementor-button-icon\">\n\t\t\t\t\t\t\t\t\t\t\t\t\t\t\t\t\t\t\t\t\t\t\t\t\t\t<\/span>\n\t\t\t\t\t\t\t\t\t\t\t\t\t\t\t\t\t\t\t\t\t\t<span class=\"elementor-button-text\">Enviar<\/span>\n\t\t\t\t\t\t\t\t\t\t\t\t\t<\/span>\n\t\t\t\t\t<\/button>\n\t\t\t\t<\/div>\n\t\t\t<\/div>\n\t\t<\/form>\n\t\t\t\t\t\t<\/div>\n\t\t\t\t<\/div>\n\t\t\t\t<\/div>\n\t\t\t\t<\/div>\n\t\t","protected":false},"excerpt":{"rendered":"<p>\u201cEl estilo es una manera simple de decir cosas complicadas\u201d Sobre mi La \u00fanica forma de hacer un gran trabajo es amando lo que haces. Mi pasi\u00f3n, mi vida, mi vocaci\u00f3n. Amo el dise\u00f1o y las cosas bellas.\u00a0 Para m\u00ed, mi profesi\u00f3n es mi motor, mi realizaci\u00f3n personal, aquello que me impulsa a crecer y [&hellip;]<\/p>\n","protected":false},"author":2,"featured_media":689,"parent":0,"menu_order":0,"comment_status":"closed","ping_status":"closed","template":"","meta":{"_sitemap_exclude":false,"_sitemap_priority":"","_sitemap_frequency":"","footnotes":""},"class_list":["post-32","page","type-page","status-publish","has-post-thumbnail","hentry"],"yoast_head":"<!-- This site is optimized with the Yoast SEO plugin v26.6 - https:\/\/yoast.com\/wordpress\/plugins\/seo\/ -->\n<title>HOME - Nu Studio<\/title>\n<meta name=\"description\" content=\"En NU Studio Creemos que las cosas bien hechas y extrema atenci\u00f3n por los detalles, junto con materiales de alta calidad, son capaces de crear espacios \u00fanicos. Elegantes. Atemporales.\" \/>\n<meta name=\"robots\" content=\"index, follow, max-snippet:-1, max-image-preview:large, max-video-preview:-1\" \/>\n<link rel=\"canonical\" href=\"https:\/\/nuriferrer.com\/\" \/>\n<meta property=\"og:locale\" content=\"es_ES\" \/>\n<meta property=\"og:type\" content=\"article\" \/>\n<meta property=\"og:title\" content=\"HOME - Nu Studio\" \/>\n<meta property=\"og:description\" content=\"En NU Studio Creemos que las cosas bien hechas y extrema atenci\u00f3n por los detalles, junto con materiales de alta calidad, son capaces de crear espacios \u00fanicos. Elegantes. Atemporales.\" \/>\n<meta property=\"og:url\" content=\"https:\/\/nuriferrer.com\/\" \/>\n<meta property=\"og:site_name\" content=\"Nu Studio\" \/>\n<meta property=\"article:modified_time\" content=\"2025-05-27T15:49:25+00:00\" \/>\n<meta property=\"og:image\" content=\"https:\/\/nuriferrer.com\/wp-content\/uploads\/2024\/07\/IMG_0565-scaled.webp\" \/>\n\t<meta property=\"og:image:width\" content=\"1920\" \/>\n\t<meta property=\"og:image:height\" content=\"2560\" \/>\n\t<meta property=\"og:image:type\" content=\"image\/webp\" \/>\n<meta name=\"twitter:card\" content=\"summary_large_image\" \/>\n<meta name=\"twitter:label1\" content=\"Tiempo de lectura\" \/>\n\t<meta name=\"twitter:data1\" content=\"1 minuto\" \/>\n<script type=\"application\/ld+json\" class=\"yoast-schema-graph\">{\"@context\":\"https:\/\/schema.org\",\"@graph\":[{\"@type\":\"WebPage\",\"@id\":\"https:\/\/nuriferrer.com\/\",\"url\":\"https:\/\/nuriferrer.com\/\",\"name\":\"HOME - Nu Studio\",\"isPartOf\":{\"@id\":\"https:\/\/nuriferrer.com\/#website\"},\"primaryImageOfPage\":{\"@id\":\"https:\/\/nuriferrer.com\/#primaryimage\"},\"image\":{\"@id\":\"https:\/\/nuriferrer.com\/#primaryimage\"},\"thumbnailUrl\":\"https:\/\/nuriferrer.com\/wp-content\/uploads\/2024\/07\/IMG_0565-scaled.webp\",\"datePublished\":\"2024-06-06T07:58:11+00:00\",\"dateModified\":\"2025-05-27T15:49:25+00:00\",\"description\":\"En NU Studio Creemos que las cosas bien hechas y extrema atenci\u00f3n por los detalles, junto con materiales de alta calidad, son capaces de crear espacios \u00fanicos. Elegantes. Atemporales.\",\"breadcrumb\":{\"@id\":\"https:\/\/nuriferrer.com\/#breadcrumb\"},\"inLanguage\":\"es\",\"potentialAction\":[{\"@type\":\"ReadAction\",\"target\":[\"https:\/\/nuriferrer.com\/\"]}]},{\"@type\":\"ImageObject\",\"inLanguage\":\"es\",\"@id\":\"https:\/\/nuriferrer.com\/#primaryimage\",\"url\":\"https:\/\/nuriferrer.com\/wp-content\/uploads\/2024\/07\/IMG_0565-scaled.webp\",\"contentUrl\":\"https:\/\/nuriferrer.com\/wp-content\/uploads\/2024\/07\/IMG_0565-scaled.webp\",\"width\":1920,\"height\":2560},{\"@type\":\"BreadcrumbList\",\"@id\":\"https:\/\/nuriferrer.com\/#breadcrumb\",\"itemListElement\":[{\"@type\":\"ListItem\",\"position\":1,\"name\":\"Home\",\"item\":\"https:\/\/nuriferrer.com\/\"},{\"@type\":\"ListItem\",\"position\":2,\"name\":\"HOME\"}]},{\"@type\":\"WebSite\",\"@id\":\"https:\/\/nuriferrer.com\/#website\",\"url\":\"https:\/\/nuriferrer.com\/\",\"name\":\"Nu Studio\",\"description\":\"\",\"publisher\":{\"@id\":\"https:\/\/nuriferrer.com\/#organization\"},\"potentialAction\":[{\"@type\":\"SearchAction\",\"target\":{\"@type\":\"EntryPoint\",\"urlTemplate\":\"https:\/\/nuriferrer.com\/?s={search_term_string}\"},\"query-input\":{\"@type\":\"PropertyValueSpecification\",\"valueRequired\":true,\"valueName\":\"search_term_string\"}}],\"inLanguage\":\"es\"},{\"@type\":\"Organization\",\"@id\":\"https:\/\/nuriferrer.com\/#organization\",\"name\":\"Nu Studio\",\"url\":\"https:\/\/nuriferrer.com\/\",\"logo\":{\"@type\":\"ImageObject\",\"inLanguage\":\"es\",\"@id\":\"https:\/\/nuriferrer.com\/#\/schema\/logo\/image\/\",\"url\":\"https:\/\/nuriferrer.com\/wp-content\/uploads\/2024\/06\/image001.png\",\"contentUrl\":\"https:\/\/nuriferrer.com\/wp-content\/uploads\/2024\/06\/image001.png\",\"width\":1175,\"height\":773,\"caption\":\"Nu Studio\"},\"image\":{\"@id\":\"https:\/\/nuriferrer.com\/#\/schema\/logo\/image\/\"}}]}<\/script>\n<!-- \/ Yoast SEO plugin. -->","yoast_head_json":{"title":"HOME - Nu Studio","description":"En NU Studio Creemos que las cosas bien hechas y extrema atenci\u00f3n por los detalles, junto con materiales de alta calidad, son capaces de crear espacios \u00fanicos. Elegantes. Atemporales.","robots":{"index":"index","follow":"follow","max-snippet":"max-snippet:-1","max-image-preview":"max-image-preview:large","max-video-preview":"max-video-preview:-1"},"canonical":"https:\/\/nuriferrer.com\/","og_locale":"es_ES","og_type":"article","og_title":"HOME - Nu Studio","og_description":"En NU Studio Creemos que las cosas bien hechas y extrema atenci\u00f3n por los detalles, junto con materiales de alta calidad, son capaces de crear espacios \u00fanicos. Elegantes. Atemporales.","og_url":"https:\/\/nuriferrer.com\/","og_site_name":"Nu Studio","article_modified_time":"2025-05-27T15:49:25+00:00","og_image":[{"width":1920,"height":2560,"url":"https:\/\/nuriferrer.com\/wp-content\/uploads\/2024\/07\/IMG_0565-scaled.webp","type":"image\/webp"}],"twitter_card":"summary_large_image","twitter_misc":{"Tiempo de lectura":"1 minuto"},"schema":{"@context":"https:\/\/schema.org","@graph":[{"@type":"WebPage","@id":"https:\/\/nuriferrer.com\/","url":"https:\/\/nuriferrer.com\/","name":"HOME - Nu Studio","isPartOf":{"@id":"https:\/\/nuriferrer.com\/#website"},"primaryImageOfPage":{"@id":"https:\/\/nuriferrer.com\/#primaryimage"},"image":{"@id":"https:\/\/nuriferrer.com\/#primaryimage"},"thumbnailUrl":"https:\/\/nuriferrer.com\/wp-content\/uploads\/2024\/07\/IMG_0565-scaled.webp","datePublished":"2024-06-06T07:58:11+00:00","dateModified":"2025-05-27T15:49:25+00:00","description":"En NU Studio Creemos que las cosas bien hechas y extrema atenci\u00f3n por los detalles, junto con materiales de alta calidad, son capaces de crear espacios \u00fanicos. Elegantes. Atemporales.","breadcrumb":{"@id":"https:\/\/nuriferrer.com\/#breadcrumb"},"inLanguage":"es","potentialAction":[{"@type":"ReadAction","target":["https:\/\/nuriferrer.com\/"]}]},{"@type":"ImageObject","inLanguage":"es","@id":"https:\/\/nuriferrer.com\/#primaryimage","url":"https:\/\/nuriferrer.com\/wp-content\/uploads\/2024\/07\/IMG_0565-scaled.webp","contentUrl":"https:\/\/nuriferrer.com\/wp-content\/uploads\/2024\/07\/IMG_0565-scaled.webp","width":1920,"height":2560},{"@type":"BreadcrumbList","@id":"https:\/\/nuriferrer.com\/#breadcrumb","itemListElement":[{"@type":"ListItem","position":1,"name":"Home","item":"https:\/\/nuriferrer.com\/"},{"@type":"ListItem","position":2,"name":"HOME"}]},{"@type":"WebSite","@id":"https:\/\/nuriferrer.com\/#website","url":"https:\/\/nuriferrer.com\/","name":"Nu Studio","description":"","publisher":{"@id":"https:\/\/nuriferrer.com\/#organization"},"potentialAction":[{"@type":"SearchAction","target":{"@type":"EntryPoint","urlTemplate":"https:\/\/nuriferrer.com\/?s={search_term_string}"},"query-input":{"@type":"PropertyValueSpecification","valueRequired":true,"valueName":"search_term_string"}}],"inLanguage":"es"},{"@type":"Organization","@id":"https:\/\/nuriferrer.com\/#organization","name":"Nu Studio","url":"https:\/\/nuriferrer.com\/","logo":{"@type":"ImageObject","inLanguage":"es","@id":"https:\/\/nuriferrer.com\/#\/schema\/logo\/image\/","url":"https:\/\/nuriferrer.com\/wp-content\/uploads\/2024\/06\/image001.png","contentUrl":"https:\/\/nuriferrer.com\/wp-content\/uploads\/2024\/06\/image001.png","width":1175,"height":773,"caption":"Nu Studio"},"image":{"@id":"https:\/\/nuriferrer.com\/#\/schema\/logo\/image\/"}}]}},"_links":{"self":[{"href":"https:\/\/nuriferrer.com\/index.php\/wp-json\/wp\/v2\/pages\/32","targetHints":{"allow":["GET"]}}],"collection":[{"href":"https:\/\/nuriferrer.com\/index.php\/wp-json\/wp\/v2\/pages"}],"about":[{"href":"https:\/\/nuriferrer.com\/index.php\/wp-json\/wp\/v2\/types\/page"}],"author":[{"embeddable":true,"href":"https:\/\/nuriferrer.com\/index.php\/wp-json\/wp\/v2\/users\/2"}],"replies":[{"embeddable":true,"href":"https:\/\/nuriferrer.com\/index.php\/wp-json\/wp\/v2\/comments?post=32"}],"version-history":[{"count":251,"href":"https:\/\/nuriferrer.com\/index.php\/wp-json\/wp\/v2\/pages\/32\/revisions"}],"predecessor-version":[{"id":1649,"href":"https:\/\/nuriferrer.com\/index.php\/wp-json\/wp\/v2\/pages\/32\/revisions\/1649"}],"wp:featuredmedia":[{"embeddable":true,"href":"https:\/\/nuriferrer.com\/index.php\/wp-json\/wp\/v2\/media\/689"}],"wp:attachment":[{"href":"https:\/\/nuriferrer.com\/index.php\/wp-json\/wp\/v2\/media?parent=32"}],"curies":[{"name":"wp","href":"https:\/\/api.w.org\/{rel}","templated":true}]}}