{"id":8,"date":"2024-06-06T07:48:08","date_gmt":"2024-06-06T07:48:08","guid":{"rendered":"https:\/\/nuriferrer.beringserveis.eu\/?page_id=8"},"modified":"2024-09-30T16:12:29","modified_gmt":"2024-09-30T16:12:29","slug":"estudio","status":"publish","type":"page","link":"https:\/\/nuriferrer.com\/index.php\/estudio\/","title":{"rendered":"ESTUDIO"},"content":{"rendered":"\t\t<div data-elementor-type=\"wp-page\" data-elementor-id=\"8\" class=\"elementor elementor-8\" data-elementor-post-type=\"page\">\n\t\t\t\t<div class=\"elementor-element elementor-element-1617245 e-flex e-con-boxed e-con e-parent\" data-id=\"1617245\" data-element_type=\"container\" data-settings=\"{&quot;background_background&quot;:&quot;slideshow&quot;,&quot;background_slideshow_gallery&quot;:[{&quot;id&quot;:649,&quot;url&quot;:&quot;https:\\\/\\\/nuriferrer.com\\\/wp-content\\\/uploads\\\/2024\\\/07\\\/03-scaled.webp&quot;},{&quot;id&quot;:648,&quot;url&quot;:&quot;https:\\\/\\\/nuriferrer.com\\\/wp-content\\\/uploads\\\/2024\\\/07\\\/IMG_0557-scaled.webp&quot;},{&quot;id&quot;:642,&quot;url&quot;:&quot;https:\\\/\\\/nuriferrer.com\\\/wp-content\\\/uploads\\\/2024\\\/07\\\/05-scaled.webp&quot;},{&quot;id&quot;:641,&quot;url&quot;:&quot;https:\\\/\\\/nuriferrer.com\\\/wp-content\\\/uploads\\\/2024\\\/07\\\/04-scaled.webp&quot;},{&quot;id&quot;:639,&quot;url&quot;:&quot;https:\\\/\\\/nuriferrer.com\\\/wp-content\\\/uploads\\\/2024\\\/07\\\/02-scaled.webp&quot;},{&quot;id&quot;:638,&quot;url&quot;:&quot;https:\\\/\\\/nuriferrer.com\\\/wp-content\\\/uploads\\\/2024\\\/07\\\/01-scaled.webp&quot;}],&quot;background_slideshow_loop&quot;:&quot;yes&quot;,&quot;background_slideshow_slide_duration&quot;:5000,&quot;background_slideshow_slide_transition&quot;:&quot;fade&quot;,&quot;background_slideshow_transition_duration&quot;:500}\">\n\t\t\t\t\t<div class=\"e-con-inner\">\n\t\t\t\t\t<\/div>\n\t\t\t\t<\/div>\n\t\t<div class=\"elementor-element elementor-element-21083d5 e-flex e-con-boxed e-con e-parent\" data-id=\"21083d5\" data-element_type=\"container\">\n\t\t\t\t\t<div class=\"e-con-inner\">\n\t\t\t\t<div class=\"elementor-element elementor-element-5836b70 elementor-widget elementor-widget-text-editor\" data-id=\"5836b70\" data-element_type=\"widget\" data-widget_type=\"text-editor.default\">\n\t\t\t\t<div class=\"elementor-widget-container\">\n\t\t\t\t\t\t\t\t\t<p>Somos un estudio de dise\u00f1o y arquitectura interior enfocado a la realizaci\u00f3n de proyectos de reforma integral de viviendas y espacios comerciales.<\/p><p>Nos consideramos un estudio cercano, exigente y apasionado por las l\u00edneas puras, los vol\u00famenes con sentido y los materiales nobles. Creemos en que las cosas bien hechas, con cuidado y extrema atenci\u00f3n por los detalles, junto a materiales de alta calidad, son capaces de crear espacios <strong>\u00fanicos<\/strong>. <strong>Elegantes<\/strong>. <strong>Atemporales<\/strong>.<\/p><p>Siempre seremos <strong>perfeccionistas<\/strong>, no podemos evitarlo, es nuestra se\u00f1a, est\u00e1 en nuestro ADN. Nos mueve la autoexigencia y el amor profundo por la <strong>calidad<\/strong>, y aunque dicen que destacamos por nuestras ideas y buen gusto, sabemos que eso no ser\u00eda posible sin el amor y pasi\u00f3n que sentimos por nuestro trabajo. Lo adoramos, es nuestro motor, nuestra raz\u00f3n de ser. Lo nuestro es la personalizaci\u00f3n que parte de la escucha de las necesidades, que lo integra todo a fuego lento, creando a buen ritmo hasta alcanzar un resultado delicioso, en su punto, sin peros. Con el toque justo.<\/p><p>Queremos convertirnos en la opci\u00f3n exquisita de m\u00e1xima calidad del sector. Reducir los miedos de aquellos que inician el viaje hacia su sue\u00f1o garantizando resultados que aporten eso tan \u00fanico que nuestros clientes logran encontrar tan solo en su hogar.<\/p>\t\t\t\t\t\t\t\t<\/div>\n\t\t\t\t<\/div>\n\t\t\t\t\t<\/div>\n\t\t\t\t<\/div>\n\t\t\t\t<\/div>\n\t\t","protected":false},"excerpt":{"rendered":"<p>Somos un estudio de dise\u00f1o y arquitectura interior enfocado a la realizaci\u00f3n de proyectos de reforma integral de viviendas y espacios comerciales. Nos consideramos un estudio cercano, exigente y apasionado por las l\u00edneas puras, los vol\u00famenes con sentido y los materiales nobles. Creemos en que las cosas bien hechas, con cuidado y extrema atenci\u00f3n por [&hellip;]<\/p>\n","protected":false},"author":2,"featured_media":208,"parent":0,"menu_order":0,"comment_status":"closed","ping_status":"closed","template":"","meta":{"_sitemap_exclude":false,"_sitemap_priority":"","_sitemap_frequency":"","footnotes":""},"class_list":["post-8","page","type-page","status-publish","has-post-thumbnail","hentry"],"yoast_head":"<!-- This site is optimized with the Yoast SEO plugin v26.6 - https:\/\/yoast.com\/wordpress\/plugins\/seo\/ -->\n<title>ESTUDIO - Nu Studio<\/title>\n<meta name=\"description\" content=\"Somos un estudio de dise\u00f1o y arquitectura interior enfocado a la realizaci\u00f3n de proyectos de reforma integral de viviendas y espacios comerciales.\" \/>\n<meta name=\"robots\" content=\"index, follow, max-snippet:-1, max-image-preview:large, max-video-preview:-1\" \/>\n<link rel=\"canonical\" href=\"https:\/\/nuriferrer.com\/index.php\/estudio\/\" \/>\n<meta property=\"og:locale\" content=\"es_ES\" \/>\n<meta property=\"og:type\" content=\"article\" \/>\n<meta property=\"og:title\" content=\"ESTUDIO - Nu Studio\" \/>\n<meta property=\"og:description\" content=\"Somos un estudio de dise\u00f1o y arquitectura interior enfocado a la realizaci\u00f3n de proyectos de reforma integral de viviendas y espacios comerciales.\" \/>\n<meta property=\"og:url\" content=\"https:\/\/nuriferrer.com\/index.php\/estudio\/\" \/>\n<meta property=\"og:site_name\" content=\"Nu Studio\" \/>\n<meta property=\"article:modified_time\" content=\"2024-09-30T16:12:29+00:00\" \/>\n<meta property=\"og:image\" content=\"https:\/\/nuriferrer.com\/wp-content\/uploads\/2024\/06\/Captura-de-pantalla-2024-06-25-121508.png\" \/>\n\t<meta property=\"og:image:width\" content=\"1266\" \/>\n\t<meta property=\"og:image:height\" content=\"643\" \/>\n\t<meta property=\"og:image:type\" content=\"image\/png\" \/>\n<meta name=\"twitter:card\" content=\"summary_large_image\" \/>\n<meta name=\"twitter:label1\" content=\"Tiempo de lectura\" \/>\n\t<meta name=\"twitter:data1\" content=\"2 minutos\" \/>\n<script type=\"application\/ld+json\" class=\"yoast-schema-graph\">{\"@context\":\"https:\/\/schema.org\",\"@graph\":[{\"@type\":\"WebPage\",\"@id\":\"https:\/\/nuriferrer.com\/index.php\/estudio\/\",\"url\":\"https:\/\/nuriferrer.com\/index.php\/estudio\/\",\"name\":\"ESTUDIO - Nu Studio\",\"isPartOf\":{\"@id\":\"https:\/\/nuriferrer.com\/#website\"},\"primaryImageOfPage\":{\"@id\":\"https:\/\/nuriferrer.com\/index.php\/estudio\/#primaryimage\"},\"image\":{\"@id\":\"https:\/\/nuriferrer.com\/index.php\/estudio\/#primaryimage\"},\"thumbnailUrl\":\"https:\/\/nuriferrer.com\/wp-content\/uploads\/2024\/06\/Captura-de-pantalla-2024-06-25-121508.png\",\"datePublished\":\"2024-06-06T07:48:08+00:00\",\"dateModified\":\"2024-09-30T16:12:29+00:00\",\"description\":\"Somos un estudio de dise\u00f1o y arquitectura interior enfocado a la realizaci\u00f3n de proyectos de reforma integral de viviendas y espacios comerciales.\",\"breadcrumb\":{\"@id\":\"https:\/\/nuriferrer.com\/index.php\/estudio\/#breadcrumb\"},\"inLanguage\":\"es\",\"potentialAction\":[{\"@type\":\"ReadAction\",\"target\":[\"https:\/\/nuriferrer.com\/index.php\/estudio\/\"]}]},{\"@type\":\"ImageObject\",\"inLanguage\":\"es\",\"@id\":\"https:\/\/nuriferrer.com\/index.php\/estudio\/#primaryimage\",\"url\":\"https:\/\/nuriferrer.com\/wp-content\/uploads\/2024\/06\/Captura-de-pantalla-2024-06-25-121508.png\",\"contentUrl\":\"https:\/\/nuriferrer.com\/wp-content\/uploads\/2024\/06\/Captura-de-pantalla-2024-06-25-121508.png\",\"width\":1266,\"height\":643},{\"@type\":\"BreadcrumbList\",\"@id\":\"https:\/\/nuriferrer.com\/index.php\/estudio\/#breadcrumb\",\"itemListElement\":[{\"@type\":\"ListItem\",\"position\":1,\"name\":\"Home\",\"item\":\"https:\/\/nuriferrer.com\/\"},{\"@type\":\"ListItem\",\"position\":2,\"name\":\"ESTUDIO\"}]},{\"@type\":\"WebSite\",\"@id\":\"https:\/\/nuriferrer.com\/#website\",\"url\":\"https:\/\/nuriferrer.com\/\",\"name\":\"Nu Studio\",\"description\":\"\",\"publisher\":{\"@id\":\"https:\/\/nuriferrer.com\/#organization\"},\"potentialAction\":[{\"@type\":\"SearchAction\",\"target\":{\"@type\":\"EntryPoint\",\"urlTemplate\":\"https:\/\/nuriferrer.com\/?s={search_term_string}\"},\"query-input\":{\"@type\":\"PropertyValueSpecification\",\"valueRequired\":true,\"valueName\":\"search_term_string\"}}],\"inLanguage\":\"es\"},{\"@type\":\"Organization\",\"@id\":\"https:\/\/nuriferrer.com\/#organization\",\"name\":\"Nu Studio\",\"url\":\"https:\/\/nuriferrer.com\/\",\"logo\":{\"@type\":\"ImageObject\",\"inLanguage\":\"es\",\"@id\":\"https:\/\/nuriferrer.com\/#\/schema\/logo\/image\/\",\"url\":\"https:\/\/nuriferrer.com\/wp-content\/uploads\/2024\/06\/image001.png\",\"contentUrl\":\"https:\/\/nuriferrer.com\/wp-content\/uploads\/2024\/06\/image001.png\",\"width\":1175,\"height\":773,\"caption\":\"Nu Studio\"},\"image\":{\"@id\":\"https:\/\/nuriferrer.com\/#\/schema\/logo\/image\/\"}}]}<\/script>\n<!-- \/ Yoast SEO plugin. -->","yoast_head_json":{"title":"ESTUDIO - Nu Studio","description":"Somos un estudio de dise\u00f1o y arquitectura interior enfocado a la realizaci\u00f3n de proyectos de reforma integral de viviendas y espacios comerciales.","robots":{"index":"index","follow":"follow","max-snippet":"max-snippet:-1","max-image-preview":"max-image-preview:large","max-video-preview":"max-video-preview:-1"},"canonical":"https:\/\/nuriferrer.com\/index.php\/estudio\/","og_locale":"es_ES","og_type":"article","og_title":"ESTUDIO - Nu Studio","og_description":"Somos un estudio de dise\u00f1o y arquitectura interior enfocado a la realizaci\u00f3n de proyectos de reforma integral de viviendas y espacios comerciales.","og_url":"https:\/\/nuriferrer.com\/index.php\/estudio\/","og_site_name":"Nu Studio","article_modified_time":"2024-09-30T16:12:29+00:00","og_image":[{"width":1266,"height":643,"url":"https:\/\/nuriferrer.com\/wp-content\/uploads\/2024\/06\/Captura-de-pantalla-2024-06-25-121508.png","type":"image\/png"}],"twitter_card":"summary_large_image","twitter_misc":{"Tiempo de lectura":"2 minutos"},"schema":{"@context":"https:\/\/schema.org","@graph":[{"@type":"WebPage","@id":"https:\/\/nuriferrer.com\/index.php\/estudio\/","url":"https:\/\/nuriferrer.com\/index.php\/estudio\/","name":"ESTUDIO - Nu Studio","isPartOf":{"@id":"https:\/\/nuriferrer.com\/#website"},"primaryImageOfPage":{"@id":"https:\/\/nuriferrer.com\/index.php\/estudio\/#primaryimage"},"image":{"@id":"https:\/\/nuriferrer.com\/index.php\/estudio\/#primaryimage"},"thumbnailUrl":"https:\/\/nuriferrer.com\/wp-content\/uploads\/2024\/06\/Captura-de-pantalla-2024-06-25-121508.png","datePublished":"2024-06-06T07:48:08+00:00","dateModified":"2024-09-30T16:12:29+00:00","description":"Somos un estudio de dise\u00f1o y arquitectura interior enfocado a la realizaci\u00f3n de proyectos de reforma integral de viviendas y espacios comerciales.","breadcrumb":{"@id":"https:\/\/nuriferrer.com\/index.php\/estudio\/#breadcrumb"},"inLanguage":"es","potentialAction":[{"@type":"ReadAction","target":["https:\/\/nuriferrer.com\/index.php\/estudio\/"]}]},{"@type":"ImageObject","inLanguage":"es","@id":"https:\/\/nuriferrer.com\/index.php\/estudio\/#primaryimage","url":"https:\/\/nuriferrer.com\/wp-content\/uploads\/2024\/06\/Captura-de-pantalla-2024-06-25-121508.png","contentUrl":"https:\/\/nuriferrer.com\/wp-content\/uploads\/2024\/06\/Captura-de-pantalla-2024-06-25-121508.png","width":1266,"height":643},{"@type":"BreadcrumbList","@id":"https:\/\/nuriferrer.com\/index.php\/estudio\/#breadcrumb","itemListElement":[{"@type":"ListItem","position":1,"name":"Home","item":"https:\/\/nuriferrer.com\/"},{"@type":"ListItem","position":2,"name":"ESTUDIO"}]},{"@type":"WebSite","@id":"https:\/\/nuriferrer.com\/#website","url":"https:\/\/nuriferrer.com\/","name":"Nu Studio","description":"","publisher":{"@id":"https:\/\/nuriferrer.com\/#organization"},"potentialAction":[{"@type":"SearchAction","target":{"@type":"EntryPoint","urlTemplate":"https:\/\/nuriferrer.com\/?s={search_term_string}"},"query-input":{"@type":"PropertyValueSpecification","valueRequired":true,"valueName":"search_term_string"}}],"inLanguage":"es"},{"@type":"Organization","@id":"https:\/\/nuriferrer.com\/#organization","name":"Nu Studio","url":"https:\/\/nuriferrer.com\/","logo":{"@type":"ImageObject","inLanguage":"es","@id":"https:\/\/nuriferrer.com\/#\/schema\/logo\/image\/","url":"https:\/\/nuriferrer.com\/wp-content\/uploads\/2024\/06\/image001.png","contentUrl":"https:\/\/nuriferrer.com\/wp-content\/uploads\/2024\/06\/image001.png","width":1175,"height":773,"caption":"Nu Studio"},"image":{"@id":"https:\/\/nuriferrer.com\/#\/schema\/logo\/image\/"}}]}},"_links":{"self":[{"href":"https:\/\/nuriferrer.com\/index.php\/wp-json\/wp\/v2\/pages\/8","targetHints":{"allow":["GET"]}}],"collection":[{"href":"https:\/\/nuriferrer.com\/index.php\/wp-json\/wp\/v2\/pages"}],"about":[{"href":"https:\/\/nuriferrer.com\/index.php\/wp-json\/wp\/v2\/types\/page"}],"author":[{"embeddable":true,"href":"https:\/\/nuriferrer.com\/index.php\/wp-json\/wp\/v2\/users\/2"}],"replies":[{"embeddable":true,"href":"https:\/\/nuriferrer.com\/index.php\/wp-json\/wp\/v2\/comments?post=8"}],"version-history":[{"count":75,"href":"https:\/\/nuriferrer.com\/index.php\/wp-json\/wp\/v2\/pages\/8\/revisions"}],"predecessor-version":[{"id":1453,"href":"https:\/\/nuriferrer.com\/index.php\/wp-json\/wp\/v2\/pages\/8\/revisions\/1453"}],"wp:featuredmedia":[{"embeddable":true,"href":"https:\/\/nuriferrer.com\/index.php\/wp-json\/wp\/v2\/media\/208"}],"wp:attachment":[{"href":"https:\/\/nuriferrer.com\/index.php\/wp-json\/wp\/v2\/media?parent=8"}],"curies":[{"name":"wp","href":"https:\/\/api.w.org\/{rel}","templated":true}]}}